{"id":63,"date":"2024-04-14T11:52:11","date_gmt":"2024-04-14T11:52:11","guid":{"rendered":"https:\/\/xn--hupalliloomad-2lb.ee\/?page_id=63"},"modified":"2025-12-08T14:16:59","modified_gmt":"2025-12-08T14:16:59","slug":"glittertatoveering-naomaaling-ohupalliloomad","status":"publish","type":"page","link":"https:\/\/xn--hupalliloomad-2lb.ee\/?page_id=63","title":{"rendered":"Glittert\u00e4toveeringud"},"content":{"rendered":"\n<p class=\"has-medium-font-size\">Glittert\u00e4toveeringud on kaunid s\u00e4delevad maalingud, mida m\u00f5nikord kutsutakse ka glitter tattoodeks v\u00f5i glittermaalinguteks. Kui juba pidudel traditsioonilisteks saanud n\u00e4omaalingute tegemisel kasutatakse veebaasil nahas\u00f5bralikke kuiv -ja vedelv\u00e4rve, siis glittert\u00e4toveeringuid tehes on t\u00f6\u00f6vahendid veidi teistsugused. Sel puhul luuakse kunsti hoopis spetsiaalse liimi kandmisel nahale, millele siis puistatakse ohtralt s\u00e4delevat glitterpuru. Kauni ja detailse kujutise\/pildi loomisel kasutatakse \u00fchekordselt kasutatavaid \u0161abloone. Glittert\u00e4toveering p\u00fcsib nahal 5-7 p\u00e4eva kuni see siis aeglaselt l\u00f5puks maha kulub. Kuna glittert\u00e4toveering on veekindel, ei soovitata seda teha n\u00e4opiirkonda, sest n\u00e4onahk on v\u00e4ga \u00f5rn. \u00dcldjuhul soovivad lapsed s\u00e4delevat pilti k\u00e4ele, k\u00e4sivarrele, \u00f5lale, harvem pahkluule. Juhul kui tekib vajadus glittermaaling eemaldada enne kui see ise maha kulub, saab seda kergesti teha kandes \u00f5li v\u00f5i alkoholisisaldusega puhastusvedelikku vatipadjale ja kergelt glittertattood h\u00f5\u00f5ruda kuni nahapind on puhas.<\/p>\n\n\n\n<div class=\"wp-block-media-text is-stacked-on-mobile\" style=\"grid-template-columns:30% auto\"><figure class=\"wp-block-media-text__media\"><video controls src=\"https:\/\/xn--hupalliloomad-2lb.ee\/wp-content\/uploads\/2025\/11\/Glitterid.mov\"><\/video><\/figure><div class=\"wp-block-media-text__content\">\n<p class=\"has-text-align-left has-medium-font-size\"><strong>Hinnakiri<\/strong><\/p>\n\n\n\n<p class=\"has-medium-font-size\"><strong>Glittert\u00e4toveeringud<\/strong>&nbsp; 90\u20ac &nbsp;1,5h<br>(kuni&nbsp;<strong>20<\/strong>&nbsp;last)<\/p>\n<\/div><\/div>\n\n\n\n<p class=\"has-text-align-center has-medium-font-size\"><mark><strong><a href=\"https:\/\/xn--hupalliloomad-2lb.ee\/?page_id=869\"><mark style=\"background-color:rgba(0, 0, 0, 0)\" class=\"has-inline-color has-vivid-red-color\">S\u00fcnnip\u00e4evapeo paketid<\/mark><\/a><\/strong><\/mark><\/p>\n\n\n\n<p class=\"has-text-align-center has-medium-font-size\"><a href=\"https:\/\/xn--hupalliloomad-2lb.ee\/?page_id=800\"><strong>BRONEERI PIDU SIIN<\/strong><\/a><\/p>\n\n\n\nngg_shortcode_0_placeholder\n\n\n\n<p class=\"has-text-align-center has-medium-font-size\">O\u00dc Balfonia<br>Meelika M\u00e4eorg<br>Kontakttelefon: +372 56 90 95 96<br>e-mail: meelika@yahoo.com<\/p>\n\n\n\n<div class=\"wp-block-contact-form-7-contact-form-selector\">\n<div class=\"wpcf7 no-js\" id=\"wpcf7-f847-o1\" lang=\"en-US\" dir=\"ltr\" data-wpcf7-id=\"847\">\n<div class=\"screen-reader-response\"><p role=\"status\" aria-live=\"polite\" aria-atomic=\"true\"><\/p> <ul><\/ul><\/div>\n<form action=\"\/index.php?rest_route=%2Fwp%2Fv2%2Fpages%2F63#wpcf7-f847-o1\" method=\"post\" class=\"wpcf7-form init\" aria-label=\"Contact form\" novalidate=\"novalidate\" data-status=\"init\">\n<fieldset class=\"hidden-fields-container\"><input type=\"hidden\" name=\"_wpcf7\" value=\"847\" \/><input type=\"hidden\" name=\"_wpcf7_version\" value=\"6.1.4\" \/><input type=\"hidden\" name=\"_wpcf7_locale\" value=\"en_US\" \/><input type=\"hidden\" name=\"_wpcf7_unit_tag\" value=\"wpcf7-f847-o1\" \/><input type=\"hidden\" name=\"_wpcf7_container_post\" value=\"0\" \/><input type=\"hidden\" name=\"_wpcf7_posted_data_hash\" value=\"\" \/>\n<\/fieldset>\n<p><label> Nimi*<br \/>\n<span class=\"wpcf7-form-control-wrap\" data-name=\"your-name\"><input size=\"40\" maxlength=\"400\" class=\"wpcf7-form-control wpcf7-text wpcf7-validates-as-required\" autocomplete=\"name\" aria-required=\"true\" aria-invalid=\"false\" value=\"\" type=\"text\" name=\"your-name\" \/><\/span> <\/label>\n<\/p>\n<p><label> E-post*<br \/>\n<span class=\"wpcf7-form-control-wrap\" data-name=\"your-email\"><input size=\"40\" maxlength=\"400\" class=\"wpcf7-form-control wpcf7-email wpcf7-validates-as-required wpcf7-text wpcf7-validates-as-email\" autocomplete=\"email\" aria-required=\"true\" aria-invalid=\"false\" value=\"\" type=\"email\" name=\"your-email\" \/><\/span> <\/label>\n<\/p>\n<p><label> Telefon*<br \/>\n<span class=\"wpcf7-form-control-wrap\" data-name=\"your-telephone\"><input size=\"40\" maxlength=\"400\" class=\"wpcf7-form-control wpcf7-tel wpcf7-validates-as-required wpcf7-text wpcf7-validates-as-tel\" aria-required=\"true\" aria-invalid=\"false\" value=\"\" type=\"tel\" name=\"your-telephone\" \/><\/span><br \/>\n<\/label>\n<\/p>\n<p><label> Teenuse nimetus<br \/>\n<span class=\"wpcf7-form-control-wrap\" data-name=\"your-subject\"><input size=\"40\" maxlength=\"400\" class=\"wpcf7-form-control wpcf7-text\" aria-invalid=\"false\" value=\"\" type=\"text\" name=\"your-subject\" \/><\/span> <\/label>\n<\/p>\n<p><label> S\u00f5num<br \/>\n<span class=\"wpcf7-form-control-wrap\" data-name=\"your-message\"><textarea cols=\"40\" rows=\"10\" maxlength=\"2000\" class=\"wpcf7-form-control wpcf7-textarea\" aria-invalid=\"false\" name=\"your-message\"><\/textarea><\/span> <\/label>\n<\/p>\n<p><input class=\"wpcf7-form-control wpcf7-submit has-spinner\" type=\"submit\" value=\"Saada\" \/>\n<\/p><div class=\"wpcf7-response-output\" aria-hidden=\"true\"><\/div>\n<\/form>\n<\/div>\n<\/div>\n\n\n\n<p><\/p>\n","protected":false},"excerpt":{"rendered":"<p>Glittert\u00e4toveeringud on kaunid s\u00e4delevad maalingud, mida m\u00f5nikord kutsutakse ka glitter tattoodeks v\u00f5i glittermaalinguteks. Kui juba pidudel traditsioonilisteks saanud n\u00e4omaalingute tegemisel kasutatakse veebaasil nahas\u00f5bralikke kuiv -ja vedelv\u00e4rve, siis glittert\u00e4toveeringuid tehes on &hellip; <\/p>\n","protected":false},"author":1,"featured_media":702,"parent":0,"menu_order":0,"comment_status":"closed","ping_status":"closed","template":"","meta":{"ngg_post_thumbnail":0,"footnotes":""},"class_list":["post-63","page","type-page","status-publish","has-post-thumbnail","hentry","has-meta has-sticky-meta"],"yoast_head":"<!-- This site is optimized with the Yoast SEO plugin v26.7 - https:\/\/yoast.com\/wordpress\/plugins\/seo\/ -->\n<title>Glittert\u00e4toveeringud - sinu peole, s\u00fcnnip\u00e4evale, s\u00fcndmusele<\/title>\n<meta name=\"description\" content=\"Glittert\u00e4toveeringud on kaunid s\u00e4delevad maalingud, mida m\u00f5nikord kutsutakse ka glitter tattoodeks v\u00f5i glittermaalinguteks. Kui juba pidudel \u2013 \u00d5hupalliloomad, n\u00e4omaalingud ja glittertatoveeringud pidudeks. Broneeri Meelikalt!\" \/>\n<meta name=\"robots\" content=\"index, follow, max-snippet:-1, max-image-preview:large, max-video-preview:-1\" \/>\n<link rel=\"canonical\" href=\"https:\/\/xn--hupalliloomad-2lb.ee\/?page_id=63\" \/>\n<meta property=\"og:locale\" content=\"en_US\" \/>\n<meta property=\"og:type\" content=\"article\" \/>\n<meta property=\"og:title\" content=\"Glittert\u00e4toveeringud - sinu peole, s\u00fcnnip\u00e4evale, s\u00fcndmusele\" \/>\n<meta property=\"og:description\" content=\"Glittert\u00e4toveeringud on kaunid s\u00e4delevad maalingud, mida m\u00f5nikord kutsutakse ka glitter tattoodeks v\u00f5i glittermaalinguteks. Kui juba pidudel \u2013 \u00d5hupalliloomad, n\u00e4omaalingud ja glittertatoveeringud pidudeks. Broneeri Meelikalt!\" \/>\n<meta property=\"og:url\" content=\"https:\/\/xn--hupalliloomad-2lb.ee\/?page_id=63\" \/>\n<meta property=\"og:site_name\" content=\"&Otilde;hupalliloomad\" \/>\n<meta property=\"article:publisher\" content=\"https:\/\/www.instagram.com\/meelika_ohupalliloomad\/\" \/>\n<meta property=\"article:modified_time\" content=\"2025-12-08T14:16:59+00:00\" \/>\n<meta property=\"og:image\" content=\"https:\/\/xn--hupalliloomad-2lb.ee\/wp-content\/uploads\/2025\/10\/cropped-cropped-20240402-P19_1558-scaled-1.jpg\" \/>\n\t<meta property=\"og:image:width\" content=\"1920\" \/>\n\t<meta property=\"og:image:height\" content=\"750\" \/>\n\t<meta property=\"og:image:type\" content=\"image\/jpeg\" \/>\n<meta name=\"twitter:card\" content=\"summary_large_image\" \/>\n<meta name=\"twitter:label1\" content=\"Est. reading time\" \/>\n\t<meta name=\"twitter:data1\" content=\"1 minute\" \/>\n<script type=\"application\/ld+json\" class=\"yoast-schema-graph\">{\"@context\":\"https:\/\/schema.org\",\"@graph\":[{\"@type\":\"WebPage\",\"@id\":\"https:\/\/xn--hupalliloomad-2lb.ee\/?page_id=63\",\"url\":\"https:\/\/xn--hupalliloomad-2lb.ee\/?page_id=63\",\"name\":\"Glittert\u00e4toveeringud - sinu peole, s\u00fcnnip\u00e4evale, s\u00fcndmusele\",\"isPartOf\":{\"@id\":\"https:\/\/xn--hupalliloomad-2lb.ee\/#website\"},\"primaryImageOfPage\":{\"@id\":\"https:\/\/xn--hupalliloomad-2lb.ee\/?page_id=63#primaryimage\"},\"image\":{\"@id\":\"https:\/\/xn--hupalliloomad-2lb.ee\/?page_id=63#primaryimage\"},\"thumbnailUrl\":\"https:\/\/xn--hupalliloomad-2lb.ee\/wp-content\/uploads\/2025\/10\/cropped-cropped-20240402-P19_1558-scaled-1.jpg\",\"datePublished\":\"2024-04-14T11:52:11+00:00\",\"dateModified\":\"2025-12-08T14:16:59+00:00\",\"description\":\"Glittert\u00e4toveeringud on kaunid s\u00e4delevad maalingud, mida m\u00f5nikord kutsutakse ka glitter tattoodeks v\u00f5i glittermaalinguteks. Kui juba pidudel \u2013 \u00d5hupalliloomad, n\u00e4omaalingud ja glittertatoveeringud pidudeks. Broneeri Meelikalt!\",\"breadcrumb\":{\"@id\":\"https:\/\/xn--hupalliloomad-2lb.ee\/?page_id=63#breadcrumb\"},\"inLanguage\":\"en\",\"potentialAction\":[{\"@type\":\"ReadAction\",\"target\":[\"https:\/\/xn--hupalliloomad-2lb.ee\/?page_id=63\"]}]},{\"@type\":\"ImageObject\",\"inLanguage\":\"en\",\"@id\":\"https:\/\/xn--hupalliloomad-2lb.ee\/?page_id=63#primaryimage\",\"url\":\"https:\/\/xn--hupalliloomad-2lb.ee\/wp-content\/uploads\/2025\/10\/cropped-cropped-20240402-P19_1558-scaled-1.jpg\",\"contentUrl\":\"https:\/\/xn--hupalliloomad-2lb.ee\/wp-content\/uploads\/2025\/10\/cropped-cropped-20240402-P19_1558-scaled-1.jpg\",\"width\":1920,\"height\":750,\"caption\":\"Ivar_Neio\"},{\"@type\":\"BreadcrumbList\",\"@id\":\"https:\/\/xn--hupalliloomad-2lb.ee\/?page_id=63#breadcrumb\",\"itemListElement\":[{\"@type\":\"ListItem\",\"position\":1,\"name\":\"Home\",\"item\":\"https:\/\/xn--hupalliloomad-2lb.ee\/\"},{\"@type\":\"ListItem\",\"position\":2,\"name\":\"Glittert\u00e4toveeringud\"}]},{\"@type\":\"WebSite\",\"@id\":\"https:\/\/xn--hupalliloomad-2lb.ee\/#website\",\"url\":\"https:\/\/xn--hupalliloomad-2lb.ee\/\",\"name\":\"\u00d5hupalliloomad\",\"description\":\"&Otilde;hupalliloomad N&auml;omaalingud Glittertatoveeringud Kingitused\",\"publisher\":{\"@id\":\"https:\/\/xn--hupalliloomad-2lb.ee\/#organization\"},\"alternateName\":\"\u00d5hupalliloomad N\u00e4omaalingud Glittertatoveeringud Kingitused\",\"potentialAction\":[{\"@type\":\"SearchAction\",\"target\":{\"@type\":\"EntryPoint\",\"urlTemplate\":\"https:\/\/xn--hupalliloomad-2lb.ee\/?s={search_term_string}\"},\"query-input\":{\"@type\":\"PropertyValueSpecification\",\"valueRequired\":true,\"valueName\":\"search_term_string\"}}],\"inLanguage\":\"en\"},{\"@type\":\"Organization\",\"@id\":\"https:\/\/xn--hupalliloomad-2lb.ee\/#organization\",\"name\":\"\u00d5hupalliloomad\",\"alternateName\":\"\u00d5hupalliloomad N\u00e4omaalingud Glittertatoveeringud Kingitused\",\"url\":\"https:\/\/xn--hupalliloomad-2lb.ee\/\",\"logo\":{\"@type\":\"ImageObject\",\"inLanguage\":\"en\",\"@id\":\"https:\/\/xn--hupalliloomad-2lb.ee\/#\/schema\/logo\/image\/\",\"url\":\"https:\/\/xn--hupalliloomad-2lb.ee\/wp-content\/uploads\/2024\/04\/cropped-2hupallid004_juuni-13-2012_done.jpg\",\"contentUrl\":\"https:\/\/xn--hupalliloomad-2lb.ee\/wp-content\/uploads\/2024\/04\/cropped-2hupallid004_juuni-13-2012_done.jpg\",\"width\":1070,\"height\":1073,\"caption\":\"\u00d5hupalliloomad\"},\"image\":{\"@id\":\"https:\/\/xn--hupalliloomad-2lb.ee\/#\/schema\/logo\/image\/\"},\"sameAs\":[\"https:\/\/www.instagram.com\/meelika_ohupalliloomad\/\"]}]}<\/script>\n<!-- \/ Yoast SEO plugin. -->","yoast_head_json":{"title":"Glittert\u00e4toveeringud - sinu peole, s\u00fcnnip\u00e4evale, s\u00fcndmusele","description":"Glittert\u00e4toveeringud on kaunid s\u00e4delevad maalingud, mida m\u00f5nikord kutsutakse ka glitter tattoodeks v\u00f5i glittermaalinguteks. Kui juba pidudel \u2013 \u00d5hupalliloomad, n\u00e4omaalingud ja glittertatoveeringud pidudeks. Broneeri Meelikalt!","robots":{"index":"index","follow":"follow","max-snippet":"max-snippet:-1","max-image-preview":"max-image-preview:large","max-video-preview":"max-video-preview:-1"},"canonical":"https:\/\/xn--hupalliloomad-2lb.ee\/?page_id=63","og_locale":"en_US","og_type":"article","og_title":"Glittert\u00e4toveeringud - sinu peole, s\u00fcnnip\u00e4evale, s\u00fcndmusele","og_description":"Glittert\u00e4toveeringud on kaunid s\u00e4delevad maalingud, mida m\u00f5nikord kutsutakse ka glitter tattoodeks v\u00f5i glittermaalinguteks. Kui juba pidudel \u2013 \u00d5hupalliloomad, n\u00e4omaalingud ja glittertatoveeringud pidudeks. Broneeri Meelikalt!","og_url":"https:\/\/xn--hupalliloomad-2lb.ee\/?page_id=63","og_site_name":"&Otilde;hupalliloomad","article_publisher":"https:\/\/www.instagram.com\/meelika_ohupalliloomad\/","article_modified_time":"2025-12-08T14:16:59+00:00","og_image":[{"width":1920,"height":750,"url":"https:\/\/xn--hupalliloomad-2lb.ee\/wp-content\/uploads\/2025\/10\/cropped-cropped-20240402-P19_1558-scaled-1.jpg","type":"image\/jpeg"}],"twitter_card":"summary_large_image","twitter_misc":{"Est. reading time":"1 minute"},"schema":{"@context":"https:\/\/schema.org","@graph":[{"@type":"WebPage","@id":"https:\/\/xn--hupalliloomad-2lb.ee\/?page_id=63","url":"https:\/\/xn--hupalliloomad-2lb.ee\/?page_id=63","name":"Glittert\u00e4toveeringud - sinu peole, s\u00fcnnip\u00e4evale, s\u00fcndmusele","isPartOf":{"@id":"https:\/\/xn--hupalliloomad-2lb.ee\/#website"},"primaryImageOfPage":{"@id":"https:\/\/xn--hupalliloomad-2lb.ee\/?page_id=63#primaryimage"},"image":{"@id":"https:\/\/xn--hupalliloomad-2lb.ee\/?page_id=63#primaryimage"},"thumbnailUrl":"https:\/\/xn--hupalliloomad-2lb.ee\/wp-content\/uploads\/2025\/10\/cropped-cropped-20240402-P19_1558-scaled-1.jpg","datePublished":"2024-04-14T11:52:11+00:00","dateModified":"2025-12-08T14:16:59+00:00","description":"Glittert\u00e4toveeringud on kaunid s\u00e4delevad maalingud, mida m\u00f5nikord kutsutakse ka glitter tattoodeks v\u00f5i glittermaalinguteks. Kui juba pidudel \u2013 \u00d5hupalliloomad, n\u00e4omaalingud ja glittertatoveeringud pidudeks. Broneeri Meelikalt!","breadcrumb":{"@id":"https:\/\/xn--hupalliloomad-2lb.ee\/?page_id=63#breadcrumb"},"inLanguage":"en","potentialAction":[{"@type":"ReadAction","target":["https:\/\/xn--hupalliloomad-2lb.ee\/?page_id=63"]}]},{"@type":"ImageObject","inLanguage":"en","@id":"https:\/\/xn--hupalliloomad-2lb.ee\/?page_id=63#primaryimage","url":"https:\/\/xn--hupalliloomad-2lb.ee\/wp-content\/uploads\/2025\/10\/cropped-cropped-20240402-P19_1558-scaled-1.jpg","contentUrl":"https:\/\/xn--hupalliloomad-2lb.ee\/wp-content\/uploads\/2025\/10\/cropped-cropped-20240402-P19_1558-scaled-1.jpg","width":1920,"height":750,"caption":"Ivar_Neio"},{"@type":"BreadcrumbList","@id":"https:\/\/xn--hupalliloomad-2lb.ee\/?page_id=63#breadcrumb","itemListElement":[{"@type":"ListItem","position":1,"name":"Home","item":"https:\/\/xn--hupalliloomad-2lb.ee\/"},{"@type":"ListItem","position":2,"name":"Glittert\u00e4toveeringud"}]},{"@type":"WebSite","@id":"https:\/\/xn--hupalliloomad-2lb.ee\/#website","url":"https:\/\/xn--hupalliloomad-2lb.ee\/","name":"\u00d5hupalliloomad","description":"&Otilde;hupalliloomad N&auml;omaalingud Glittertatoveeringud Kingitused","publisher":{"@id":"https:\/\/xn--hupalliloomad-2lb.ee\/#organization"},"alternateName":"\u00d5hupalliloomad N\u00e4omaalingud Glittertatoveeringud Kingitused","potentialAction":[{"@type":"SearchAction","target":{"@type":"EntryPoint","urlTemplate":"https:\/\/xn--hupalliloomad-2lb.ee\/?s={search_term_string}"},"query-input":{"@type":"PropertyValueSpecification","valueRequired":true,"valueName":"search_term_string"}}],"inLanguage":"en"},{"@type":"Organization","@id":"https:\/\/xn--hupalliloomad-2lb.ee\/#organization","name":"\u00d5hupalliloomad","alternateName":"\u00d5hupalliloomad N\u00e4omaalingud Glittertatoveeringud Kingitused","url":"https:\/\/xn--hupalliloomad-2lb.ee\/","logo":{"@type":"ImageObject","inLanguage":"en","@id":"https:\/\/xn--hupalliloomad-2lb.ee\/#\/schema\/logo\/image\/","url":"https:\/\/xn--hupalliloomad-2lb.ee\/wp-content\/uploads\/2024\/04\/cropped-2hupallid004_juuni-13-2012_done.jpg","contentUrl":"https:\/\/xn--hupalliloomad-2lb.ee\/wp-content\/uploads\/2024\/04\/cropped-2hupallid004_juuni-13-2012_done.jpg","width":1070,"height":1073,"caption":"\u00d5hupalliloomad"},"image":{"@id":"https:\/\/xn--hupalliloomad-2lb.ee\/#\/schema\/logo\/image\/"},"sameAs":["https:\/\/www.instagram.com\/meelika_ohupalliloomad\/"]}]}},"_links":{"self":[{"href":"https:\/\/xn--hupalliloomad-2lb.ee\/index.php?rest_route=\/wp\/v2\/pages\/63","targetHints":{"allow":["GET"]}}],"collection":[{"href":"https:\/\/xn--hupalliloomad-2lb.ee\/index.php?rest_route=\/wp\/v2\/pages"}],"about":[{"href":"https:\/\/xn--hupalliloomad-2lb.ee\/index.php?rest_route=\/wp\/v2\/types\/page"}],"author":[{"embeddable":true,"href":"https:\/\/xn--hupalliloomad-2lb.ee\/index.php?rest_route=\/wp\/v2\/users\/1"}],"replies":[{"embeddable":true,"href":"https:\/\/xn--hupalliloomad-2lb.ee\/index.php?rest_route=%2Fwp%2Fv2%2Fcomments&post=63"}],"version-history":[{"count":23,"href":"https:\/\/xn--hupalliloomad-2lb.ee\/index.php?rest_route=\/wp\/v2\/pages\/63\/revisions"}],"predecessor-version":[{"id":1204,"href":"https:\/\/xn--hupalliloomad-2lb.ee\/index.php?rest_route=\/wp\/v2\/pages\/63\/revisions\/1204"}],"wp:featuredmedia":[{"embeddable":true,"href":"https:\/\/xn--hupalliloomad-2lb.ee\/index.php?rest_route=\/wp\/v2\/media\/702"}],"wp:attachment":[{"href":"https:\/\/xn--hupalliloomad-2lb.ee\/index.php?rest_route=%2Fwp%2Fv2%2Fmedia&parent=63"}],"curies":[{"name":"wp","href":"https:\/\/api.w.org\/{rel}","templated":true}]}}