{"id":66,"date":"2024-04-14T11:52:42","date_gmt":"2024-04-14T11:52:42","guid":{"rendered":"https:\/\/xn--hupalliloomad-2lb.ee\/?page_id=66"},"modified":"2025-12-01T22:21:37","modified_gmt":"2025-12-01T22:21:37","slug":"naomaalingud-ohupalliloomad-glittertatoveering","status":"publish","type":"page","link":"https:\/\/xn--hupalliloomad-2lb.ee\/?page_id=66","title":{"rendered":"N\u00e4omaalingud"},"content":{"rendered":"\n<p class=\"has-text-align-left has-medium-font-size\">Vahvad n\u00e4o-, k\u00e4e-ja jalamaalingud muudavad iga lapse s\u00fcnnip\u00e4eva unustamatuks! Maalimisel kasutan TAG&#8217;i, Diamond FX&#8217;i, Kryvaline&#8217;i ja Fusion&#8217;i mittem\u00fcrgiseid ja nahas\u00f5bralikke n\u00e4omaalimise v\u00e4rve. S\u00e4ra lisavad maalingutele s\u00e4delevad glitterpulbrid ja kalliskivid. N\u00e4ov\u00e4rve saab kergesti eemaldada vee ja seebiga. Riietelt mahapestav.<\/p>\n\n\n\n<div class=\"wp-block-media-text is-stacked-on-mobile\" style=\"grid-template-columns:30% auto\"><figure class=\"wp-block-media-text__media\"><video controls src=\"https:\/\/test.xn--hupalliloomad-2lb.ee\/wp-content\/uploads\/2025\/11\/25-11-10-11-41-48-o-ou.mov\"><\/video><\/figure><div class=\"wp-block-media-text__content\">\n<p class=\"has-medium-font-size\"><strong>Hinnakiri<\/strong><\/p>\n\n\n\n<p class=\"has-medium-font-size\"><strong>N\u00e4omaalingud<\/strong>&nbsp; 60\u20ac 1h<br>(<strong>7-9<\/strong>&nbsp;last)<br>90\u20ac&nbsp; 1,5h ( kuni&nbsp;<strong>15<\/strong>&nbsp;last)<br>120\u20ac&nbsp; 2h (kuni&nbsp;<strong>20<\/strong>&nbsp;last)<\/p>\n<\/div><\/div>\n\n\n\n<p class=\"has-text-align-center has-medium-font-size\"><mark><strong><a href=\"https:\/\/xn--hupalliloomad-2lb.ee\/?page_id=869\"><mark style=\"background-color:rgba(0, 0, 0, 0)\" class=\"has-inline-color has-vivid-red-color\">S\u00fcnnip\u00e4evapeo paketid<\/mark><\/a><\/strong><\/mark><\/p>\n\n\n\n<p class=\"has-text-align-center has-medium-font-size\"><a href=\"https:\/\/xn--hupalliloomad-2lb.ee\/?page_id=800\"><strong>BRONEERI PIDU SIIN<\/strong><\/a><\/p>\n\n\n\nngg_shortcode_0_placeholder\n\n\n\n<p class=\"has-text-align-center has-medium-font-size\">O\u00dc Balfonia<br>Meelika M\u00e4eorg<br>Kontakttelefon: +372 56 90 95 96<br>e-mail: meelika@yahoo.com<\/p>\n\n\n\n<div class=\"wp-block-contact-form-7-contact-form-selector\">\n<div class=\"wpcf7 no-js\" id=\"wpcf7-f847-o1\" lang=\"en-US\" dir=\"ltr\" data-wpcf7-id=\"847\">\n<div class=\"screen-reader-response\"><p role=\"status\" aria-live=\"polite\" aria-atomic=\"true\"><\/p> <ul><\/ul><\/div>\n<form action=\"\/index.php?rest_route=%2Fwp%2Fv2%2Fpages%2F66#wpcf7-f847-o1\" method=\"post\" class=\"wpcf7-form init\" aria-label=\"Contact form\" novalidate=\"novalidate\" data-status=\"init\">\n<fieldset class=\"hidden-fields-container\"><input type=\"hidden\" name=\"_wpcf7\" value=\"847\" \/><input type=\"hidden\" name=\"_wpcf7_version\" value=\"6.1.4\" \/><input type=\"hidden\" name=\"_wpcf7_locale\" value=\"en_US\" \/><input type=\"hidden\" name=\"_wpcf7_unit_tag\" value=\"wpcf7-f847-o1\" \/><input type=\"hidden\" name=\"_wpcf7_container_post\" value=\"0\" \/><input type=\"hidden\" name=\"_wpcf7_posted_data_hash\" value=\"\" \/>\n<\/fieldset>\n<p><label> Nimi*<br \/>\n<span class=\"wpcf7-form-control-wrap\" data-name=\"your-name\"><input size=\"40\" maxlength=\"400\" class=\"wpcf7-form-control wpcf7-text wpcf7-validates-as-required\" autocomplete=\"name\" aria-required=\"true\" aria-invalid=\"false\" value=\"\" type=\"text\" name=\"your-name\" \/><\/span> <\/label>\n<\/p>\n<p><label> E-post*<br \/>\n<span class=\"wpcf7-form-control-wrap\" data-name=\"your-email\"><input size=\"40\" maxlength=\"400\" class=\"wpcf7-form-control wpcf7-email wpcf7-validates-as-required wpcf7-text wpcf7-validates-as-email\" autocomplete=\"email\" aria-required=\"true\" aria-invalid=\"false\" value=\"\" type=\"email\" name=\"your-email\" \/><\/span> <\/label>\n<\/p>\n<p><label> Telefon*<br \/>\n<span class=\"wpcf7-form-control-wrap\" data-name=\"your-telephone\"><input size=\"40\" maxlength=\"400\" class=\"wpcf7-form-control wpcf7-tel wpcf7-validates-as-required wpcf7-text wpcf7-validates-as-tel\" aria-required=\"true\" aria-invalid=\"false\" value=\"\" type=\"tel\" name=\"your-telephone\" \/><\/span><br \/>\n<\/label>\n<\/p>\n<p><label> Teenuse nimetus<br \/>\n<span class=\"wpcf7-form-control-wrap\" data-name=\"your-subject\"><input size=\"40\" maxlength=\"400\" class=\"wpcf7-form-control wpcf7-text\" aria-invalid=\"false\" value=\"\" type=\"text\" name=\"your-subject\" \/><\/span> <\/label>\n<\/p>\n<p><label> S\u00f5num<br \/>\n<span class=\"wpcf7-form-control-wrap\" data-name=\"your-message\"><textarea cols=\"40\" rows=\"10\" maxlength=\"2000\" class=\"wpcf7-form-control wpcf7-textarea\" aria-invalid=\"false\" name=\"your-message\"><\/textarea><\/span> <\/label>\n<\/p>\n<p><input class=\"wpcf7-form-control wpcf7-submit has-spinner\" type=\"submit\" value=\"Saada\" \/>\n<\/p><div class=\"wpcf7-response-output\" aria-hidden=\"true\"><\/div>\n<\/form>\n<\/div>\n<\/div>\n","protected":false},"excerpt":{"rendered":"<p>Vahvad n\u00e4o-, k\u00e4e-ja jalamaalingud muudavad iga lapse s\u00fcnnip\u00e4eva unustamatuks! Maalimisel kasutan TAG&#8217;i, Diamond FX&#8217;i, Kryvaline&#8217;i ja Fusion&#8217;i mittem\u00fcrgiseid ja nahas\u00f5bralikke n\u00e4omaalimise v\u00e4rve. S\u00e4ra lisavad maalingutele s\u00e4delevad glitterpulbrid ja kalliskivid. N\u00e4ov\u00e4rve &hellip; <\/p>\n","protected":false},"author":1,"featured_media":702,"parent":0,"menu_order":0,"comment_status":"closed","ping_status":"closed","template":"","meta":{"ngg_post_thumbnail":0,"footnotes":""},"class_list":["post-66","page","type-page","status-publish","has-post-thumbnail","hentry","has-meta has-sticky-meta"],"yoast_head":"<!-- This site is optimized with the Yoast SEO plugin v26.7 - https:\/\/yoast.com\/wordpress\/plugins\/seo\/ -->\n<title>N\u00e4omaalingud ja muu meelelahutuse peole saad tellida Meelikalt.<\/title>\n<meta name=\"description\" content=\"Vahvad n\u00e4o-, k\u00e4e-ja jalamaalingud muudavad iga lapse s\u00fcnnip\u00e4eva unustamatuks! Maalimisel kasutan TAG&#039;i, Diamond FX&#039;i, Kryvaline&#039;i ja Fusion&#039;i \u2013 \u00d5hupalliloomad, n\u00e4omaalingud ja glittertatoveeringud pidudeks. Broneeri Meelikalt!\" \/>\n<meta name=\"robots\" content=\"index, follow, max-snippet:-1, max-image-preview:large, max-video-preview:-1\" \/>\n<link rel=\"canonical\" href=\"https:\/\/xn--hupalliloomad-2lb.ee\/?page_id=66\" \/>\n<meta property=\"og:locale\" content=\"en_US\" \/>\n<meta property=\"og:type\" content=\"article\" \/>\n<meta property=\"og:title\" content=\"N\u00e4omaalingud ja muu meelelahutuse peole saad tellida Meelikalt.\" \/>\n<meta property=\"og:description\" content=\"Vahvad n\u00e4o-, k\u00e4e-ja jalamaalingud muudavad iga lapse s\u00fcnnip\u00e4eva unustamatuks! Maalimisel kasutan TAG&#039;i, Diamond FX&#039;i, Kryvaline&#039;i ja Fusion&#039;i \u2013 \u00d5hupalliloomad, n\u00e4omaalingud ja glittertatoveeringud pidudeks. Broneeri Meelikalt!\" \/>\n<meta property=\"og:url\" content=\"https:\/\/xn--hupalliloomad-2lb.ee\/?page_id=66\" \/>\n<meta property=\"og:site_name\" content=\"&Otilde;hupalliloomad\" \/>\n<meta property=\"article:publisher\" content=\"https:\/\/www.instagram.com\/meelika_ohupalliloomad\/\" \/>\n<meta property=\"article:modified_time\" content=\"2025-12-01T22:21:37+00:00\" \/>\n<meta property=\"og:image\" content=\"https:\/\/xn--hupalliloomad-2lb.ee\/wp-content\/uploads\/2025\/10\/cropped-cropped-20240402-P19_1558-scaled-1.jpg\" \/>\n\t<meta property=\"og:image:width\" content=\"1920\" \/>\n\t<meta property=\"og:image:height\" content=\"750\" \/>\n\t<meta property=\"og:image:type\" content=\"image\/jpeg\" \/>\n<meta name=\"twitter:card\" content=\"summary_large_image\" \/>\n<meta name=\"twitter:label1\" content=\"Est. reading time\" \/>\n\t<meta name=\"twitter:data1\" content=\"1 minute\" \/>\n<script type=\"application\/ld+json\" class=\"yoast-schema-graph\">{\"@context\":\"https:\/\/schema.org\",\"@graph\":[{\"@type\":\"WebPage\",\"@id\":\"https:\/\/xn--hupalliloomad-2lb.ee\/?page_id=66\",\"url\":\"https:\/\/xn--hupalliloomad-2lb.ee\/?page_id=66\",\"name\":\"N\u00e4omaalingud ja muu meelelahutuse peole saad tellida Meelikalt.\",\"isPartOf\":{\"@id\":\"https:\/\/xn--hupalliloomad-2lb.ee\/#website\"},\"primaryImageOfPage\":{\"@id\":\"https:\/\/xn--hupalliloomad-2lb.ee\/?page_id=66#primaryimage\"},\"image\":{\"@id\":\"https:\/\/xn--hupalliloomad-2lb.ee\/?page_id=66#primaryimage\"},\"thumbnailUrl\":\"https:\/\/xn--hupalliloomad-2lb.ee\/wp-content\/uploads\/2025\/10\/cropped-cropped-20240402-P19_1558-scaled-1.jpg\",\"datePublished\":\"2024-04-14T11:52:42+00:00\",\"dateModified\":\"2025-12-01T22:21:37+00:00\",\"description\":\"Vahvad n\u00e4o-, k\u00e4e-ja jalamaalingud muudavad iga lapse s\u00fcnnip\u00e4eva unustamatuks! Maalimisel kasutan TAG'i, Diamond FX'i, Kryvaline'i ja Fusion'i \u2013 \u00d5hupalliloomad, n\u00e4omaalingud ja glittertatoveeringud pidudeks. Broneeri Meelikalt!\",\"breadcrumb\":{\"@id\":\"https:\/\/xn--hupalliloomad-2lb.ee\/?page_id=66#breadcrumb\"},\"inLanguage\":\"en\",\"potentialAction\":[{\"@type\":\"ReadAction\",\"target\":[\"https:\/\/xn--hupalliloomad-2lb.ee\/?page_id=66\"]}]},{\"@type\":\"ImageObject\",\"inLanguage\":\"en\",\"@id\":\"https:\/\/xn--hupalliloomad-2lb.ee\/?page_id=66#primaryimage\",\"url\":\"https:\/\/xn--hupalliloomad-2lb.ee\/wp-content\/uploads\/2025\/10\/cropped-cropped-20240402-P19_1558-scaled-1.jpg\",\"contentUrl\":\"https:\/\/xn--hupalliloomad-2lb.ee\/wp-content\/uploads\/2025\/10\/cropped-cropped-20240402-P19_1558-scaled-1.jpg\",\"width\":1920,\"height\":750,\"caption\":\"Ivar_Neio\"},{\"@type\":\"BreadcrumbList\",\"@id\":\"https:\/\/xn--hupalliloomad-2lb.ee\/?page_id=66#breadcrumb\",\"itemListElement\":[{\"@type\":\"ListItem\",\"position\":1,\"name\":\"Home\",\"item\":\"https:\/\/xn--hupalliloomad-2lb.ee\/\"},{\"@type\":\"ListItem\",\"position\":2,\"name\":\"N\u00e4omaalingud\"}]},{\"@type\":\"WebSite\",\"@id\":\"https:\/\/xn--hupalliloomad-2lb.ee\/#website\",\"url\":\"https:\/\/xn--hupalliloomad-2lb.ee\/\",\"name\":\"\u00d5hupalliloomad\",\"description\":\"&Otilde;hupalliloomad N&auml;omaalingud Glittertatoveeringud Kingitused\",\"publisher\":{\"@id\":\"https:\/\/xn--hupalliloomad-2lb.ee\/#organization\"},\"alternateName\":\"\u00d5hupalliloomad N\u00e4omaalingud Glittertatoveeringud Kingitused\",\"potentialAction\":[{\"@type\":\"SearchAction\",\"target\":{\"@type\":\"EntryPoint\",\"urlTemplate\":\"https:\/\/xn--hupalliloomad-2lb.ee\/?s={search_term_string}\"},\"query-input\":{\"@type\":\"PropertyValueSpecification\",\"valueRequired\":true,\"valueName\":\"search_term_string\"}}],\"inLanguage\":\"en\"},{\"@type\":\"Organization\",\"@id\":\"https:\/\/xn--hupalliloomad-2lb.ee\/#organization\",\"name\":\"\u00d5hupalliloomad\",\"alternateName\":\"\u00d5hupalliloomad N\u00e4omaalingud Glittertatoveeringud Kingitused\",\"url\":\"https:\/\/xn--hupalliloomad-2lb.ee\/\",\"logo\":{\"@type\":\"ImageObject\",\"inLanguage\":\"en\",\"@id\":\"https:\/\/xn--hupalliloomad-2lb.ee\/#\/schema\/logo\/image\/\",\"url\":\"https:\/\/xn--hupalliloomad-2lb.ee\/wp-content\/uploads\/2024\/04\/cropped-2hupallid004_juuni-13-2012_done.jpg\",\"contentUrl\":\"https:\/\/xn--hupalliloomad-2lb.ee\/wp-content\/uploads\/2024\/04\/cropped-2hupallid004_juuni-13-2012_done.jpg\",\"width\":1070,\"height\":1073,\"caption\":\"\u00d5hupalliloomad\"},\"image\":{\"@id\":\"https:\/\/xn--hupalliloomad-2lb.ee\/#\/schema\/logo\/image\/\"},\"sameAs\":[\"https:\/\/www.instagram.com\/meelika_ohupalliloomad\/\"]}]}<\/script>\n<!-- \/ Yoast SEO plugin. -->","yoast_head_json":{"title":"N\u00e4omaalingud ja muu meelelahutuse peole saad tellida Meelikalt.","description":"Vahvad n\u00e4o-, k\u00e4e-ja jalamaalingud muudavad iga lapse s\u00fcnnip\u00e4eva unustamatuks! Maalimisel kasutan TAG'i, Diamond FX'i, Kryvaline'i ja Fusion'i \u2013 \u00d5hupalliloomad, n\u00e4omaalingud ja glittertatoveeringud pidudeks. Broneeri Meelikalt!","robots":{"index":"index","follow":"follow","max-snippet":"max-snippet:-1","max-image-preview":"max-image-preview:large","max-video-preview":"max-video-preview:-1"},"canonical":"https:\/\/xn--hupalliloomad-2lb.ee\/?page_id=66","og_locale":"en_US","og_type":"article","og_title":"N\u00e4omaalingud ja muu meelelahutuse peole saad tellida Meelikalt.","og_description":"Vahvad n\u00e4o-, k\u00e4e-ja jalamaalingud muudavad iga lapse s\u00fcnnip\u00e4eva unustamatuks! Maalimisel kasutan TAG'i, Diamond FX'i, Kryvaline'i ja Fusion'i \u2013 \u00d5hupalliloomad, n\u00e4omaalingud ja glittertatoveeringud pidudeks. Broneeri Meelikalt!","og_url":"https:\/\/xn--hupalliloomad-2lb.ee\/?page_id=66","og_site_name":"&Otilde;hupalliloomad","article_publisher":"https:\/\/www.instagram.com\/meelika_ohupalliloomad\/","article_modified_time":"2025-12-01T22:21:37+00:00","og_image":[{"width":1920,"height":750,"url":"https:\/\/xn--hupalliloomad-2lb.ee\/wp-content\/uploads\/2025\/10\/cropped-cropped-20240402-P19_1558-scaled-1.jpg","type":"image\/jpeg"}],"twitter_card":"summary_large_image","twitter_misc":{"Est. reading time":"1 minute"},"schema":{"@context":"https:\/\/schema.org","@graph":[{"@type":"WebPage","@id":"https:\/\/xn--hupalliloomad-2lb.ee\/?page_id=66","url":"https:\/\/xn--hupalliloomad-2lb.ee\/?page_id=66","name":"N\u00e4omaalingud ja muu meelelahutuse peole saad tellida Meelikalt.","isPartOf":{"@id":"https:\/\/xn--hupalliloomad-2lb.ee\/#website"},"primaryImageOfPage":{"@id":"https:\/\/xn--hupalliloomad-2lb.ee\/?page_id=66#primaryimage"},"image":{"@id":"https:\/\/xn--hupalliloomad-2lb.ee\/?page_id=66#primaryimage"},"thumbnailUrl":"https:\/\/xn--hupalliloomad-2lb.ee\/wp-content\/uploads\/2025\/10\/cropped-cropped-20240402-P19_1558-scaled-1.jpg","datePublished":"2024-04-14T11:52:42+00:00","dateModified":"2025-12-01T22:21:37+00:00","description":"Vahvad n\u00e4o-, k\u00e4e-ja jalamaalingud muudavad iga lapse s\u00fcnnip\u00e4eva unustamatuks! Maalimisel kasutan TAG'i, Diamond FX'i, Kryvaline'i ja Fusion'i \u2013 \u00d5hupalliloomad, n\u00e4omaalingud ja glittertatoveeringud pidudeks. Broneeri Meelikalt!","breadcrumb":{"@id":"https:\/\/xn--hupalliloomad-2lb.ee\/?page_id=66#breadcrumb"},"inLanguage":"en","potentialAction":[{"@type":"ReadAction","target":["https:\/\/xn--hupalliloomad-2lb.ee\/?page_id=66"]}]},{"@type":"ImageObject","inLanguage":"en","@id":"https:\/\/xn--hupalliloomad-2lb.ee\/?page_id=66#primaryimage","url":"https:\/\/xn--hupalliloomad-2lb.ee\/wp-content\/uploads\/2025\/10\/cropped-cropped-20240402-P19_1558-scaled-1.jpg","contentUrl":"https:\/\/xn--hupalliloomad-2lb.ee\/wp-content\/uploads\/2025\/10\/cropped-cropped-20240402-P19_1558-scaled-1.jpg","width":1920,"height":750,"caption":"Ivar_Neio"},{"@type":"BreadcrumbList","@id":"https:\/\/xn--hupalliloomad-2lb.ee\/?page_id=66#breadcrumb","itemListElement":[{"@type":"ListItem","position":1,"name":"Home","item":"https:\/\/xn--hupalliloomad-2lb.ee\/"},{"@type":"ListItem","position":2,"name":"N\u00e4omaalingud"}]},{"@type":"WebSite","@id":"https:\/\/xn--hupalliloomad-2lb.ee\/#website","url":"https:\/\/xn--hupalliloomad-2lb.ee\/","name":"\u00d5hupalliloomad","description":"&Otilde;hupalliloomad N&auml;omaalingud Glittertatoveeringud Kingitused","publisher":{"@id":"https:\/\/xn--hupalliloomad-2lb.ee\/#organization"},"alternateName":"\u00d5hupalliloomad N\u00e4omaalingud Glittertatoveeringud Kingitused","potentialAction":[{"@type":"SearchAction","target":{"@type":"EntryPoint","urlTemplate":"https:\/\/xn--hupalliloomad-2lb.ee\/?s={search_term_string}"},"query-input":{"@type":"PropertyValueSpecification","valueRequired":true,"valueName":"search_term_string"}}],"inLanguage":"en"},{"@type":"Organization","@id":"https:\/\/xn--hupalliloomad-2lb.ee\/#organization","name":"\u00d5hupalliloomad","alternateName":"\u00d5hupalliloomad N\u00e4omaalingud Glittertatoveeringud Kingitused","url":"https:\/\/xn--hupalliloomad-2lb.ee\/","logo":{"@type":"ImageObject","inLanguage":"en","@id":"https:\/\/xn--hupalliloomad-2lb.ee\/#\/schema\/logo\/image\/","url":"https:\/\/xn--hupalliloomad-2lb.ee\/wp-content\/uploads\/2024\/04\/cropped-2hupallid004_juuni-13-2012_done.jpg","contentUrl":"https:\/\/xn--hupalliloomad-2lb.ee\/wp-content\/uploads\/2024\/04\/cropped-2hupallid004_juuni-13-2012_done.jpg","width":1070,"height":1073,"caption":"\u00d5hupalliloomad"},"image":{"@id":"https:\/\/xn--hupalliloomad-2lb.ee\/#\/schema\/logo\/image\/"},"sameAs":["https:\/\/www.instagram.com\/meelika_ohupalliloomad\/"]}]}},"_links":{"self":[{"href":"https:\/\/xn--hupalliloomad-2lb.ee\/index.php?rest_route=\/wp\/v2\/pages\/66","targetHints":{"allow":["GET"]}}],"collection":[{"href":"https:\/\/xn--hupalliloomad-2lb.ee\/index.php?rest_route=\/wp\/v2\/pages"}],"about":[{"href":"https:\/\/xn--hupalliloomad-2lb.ee\/index.php?rest_route=\/wp\/v2\/types\/page"}],"author":[{"embeddable":true,"href":"https:\/\/xn--hupalliloomad-2lb.ee\/index.php?rest_route=\/wp\/v2\/users\/1"}],"replies":[{"embeddable":true,"href":"https:\/\/xn--hupalliloomad-2lb.ee\/index.php?rest_route=%2Fwp%2Fv2%2Fcomments&post=66"}],"version-history":[{"count":23,"href":"https:\/\/xn--hupalliloomad-2lb.ee\/index.php?rest_route=\/wp\/v2\/pages\/66\/revisions"}],"predecessor-version":[{"id":952,"href":"https:\/\/xn--hupalliloomad-2lb.ee\/index.php?rest_route=\/wp\/v2\/pages\/66\/revisions\/952"}],"wp:featuredmedia":[{"embeddable":true,"href":"https:\/\/xn--hupalliloomad-2lb.ee\/index.php?rest_route=\/wp\/v2\/media\/702"}],"wp:attachment":[{"href":"https:\/\/xn--hupalliloomad-2lb.ee\/index.php?rest_route=%2Fwp%2Fv2%2Fmedia&parent=66"}],"curies":[{"name":"wp","href":"https:\/\/api.w.org\/{rel}","templated":true}]}}