{"id":712,"date":"2025-10-31T08:26:02","date_gmt":"2025-10-31T08:26:02","guid":{"rendered":"https:\/\/test.xn--hupalliloomad-2lb.ee\/?page_id=712"},"modified":"2025-11-14T12:33:29","modified_gmt":"2025-11-14T12:33:29","slug":"kingitused","status":"publish","type":"page","link":"https:\/\/xn--hupalliloomad-2lb.ee\/?page_id=712","title":{"rendered":"Kingitused"},"content":{"rendered":"\n<div class=\"wp-block-media-text is-stacked-on-mobile\" style=\"grid-template-columns:20% auto\"><figure class=\"wp-block-media-text__media\"><a href=\"https:\/\/xn--hupalliloomad-2lb.ee\/?page_id=722\"><img loading=\"lazy\" decoding=\"async\" width=\"768\" height=\"1024\" src=\"https:\/\/xn--hupalliloomad-2lb.ee\/wp-content\/uploads\/2025\/11\/25-10-24-16-09-43-3360-768x1024.jpg\" alt=\"\" class=\"wp-image-978 size-full\" srcset=\"https:\/\/xn--hupalliloomad-2lb.ee\/wp-content\/uploads\/2025\/11\/25-10-24-16-09-43-3360-768x1024.jpg 768w, https:\/\/xn--hupalliloomad-2lb.ee\/wp-content\/uploads\/2025\/11\/25-10-24-16-09-43-3360-225x300.jpg 225w, https:\/\/xn--hupalliloomad-2lb.ee\/wp-content\/uploads\/2025\/11\/25-10-24-16-09-43-3360-1152x1536.jpg 1152w, https:\/\/xn--hupalliloomad-2lb.ee\/wp-content\/uploads\/2025\/11\/25-10-24-16-09-43-3360-1536x2048.jpg 1536w, https:\/\/xn--hupalliloomad-2lb.ee\/wp-content\/uploads\/2025\/11\/25-10-24-16-09-43-3360-scaled.jpg 1920w\" sizes=\"auto, (max-width: 768px) 100vw, 768px\" \/><\/a><\/figure><div class=\"wp-block-media-text__content\">\n<p class=\"has-medium-font-size\"><a href=\"https:\/\/xn--hupalliloomad-2lb.ee\/?page_id=722\"><strong>Lillekimbud<\/strong><\/a><\/p>\n<\/div><\/div>\n\n\n\n<div class=\"wp-block-media-text is-stacked-on-mobile\" style=\"grid-template-columns:20% auto\"><figure class=\"wp-block-media-text__media\"><a href=\"https:\/\/test.xn--hupalliloomad-2lb.ee\/?page_id=728\"><img loading=\"lazy\" decoding=\"async\" width=\"768\" height=\"1024\" src=\"https:\/\/xn--hupalliloomad-2lb.ee\/wp-content\/uploads\/2025\/11\/25-08-30-10-50-49-2031-768x1024.jpg\" alt=\"\" class=\"wp-image-1051 size-full\" srcset=\"https:\/\/xn--hupalliloomad-2lb.ee\/wp-content\/uploads\/2025\/11\/25-08-30-10-50-49-2031-768x1024.jpg 768w, https:\/\/xn--hupalliloomad-2lb.ee\/wp-content\/uploads\/2025\/11\/25-08-30-10-50-49-2031-225x300.jpg 225w, https:\/\/xn--hupalliloomad-2lb.ee\/wp-content\/uploads\/2025\/11\/25-08-30-10-50-49-2031-1152x1536.jpg 1152w, https:\/\/xn--hupalliloomad-2lb.ee\/wp-content\/uploads\/2025\/11\/25-08-30-10-50-49-2031-1536x2048.jpg 1536w, https:\/\/xn--hupalliloomad-2lb.ee\/wp-content\/uploads\/2025\/11\/25-08-30-10-50-49-2031-scaled.jpg 1920w\" sizes=\"auto, (max-width: 768px) 100vw, 768px\" \/><\/a><\/figure><div class=\"wp-block-media-text__content\">\n<p class=\"has-medium-font-size\"><strong><a href=\"https:\/\/xn--hupalliloomad-2lb.ee\/?page_id=728\">Nimelised \u00f5hupallid<\/a><\/strong><\/p>\n<\/div><\/div>\n\n\n\n<div class=\"wp-block-media-text is-stacked-on-mobile\" style=\"grid-template-columns:20% auto\"><figure class=\"wp-block-media-text__media\"><img loading=\"lazy\" decoding=\"async\" width=\"768\" height=\"1024\" src=\"https:\/\/xn--hupalliloomad-2lb.ee\/wp-content\/uploads\/2025\/11\/25-05-10-12-11-40-8532-768x1024.jpg\" alt=\"\" class=\"wp-image-1025 size-full\" srcset=\"https:\/\/xn--hupalliloomad-2lb.ee\/wp-content\/uploads\/2025\/11\/25-05-10-12-11-40-8532-768x1024.jpg 768w, https:\/\/xn--hupalliloomad-2lb.ee\/wp-content\/uploads\/2025\/11\/25-05-10-12-11-40-8532-225x300.jpg 225w, https:\/\/xn--hupalliloomad-2lb.ee\/wp-content\/uploads\/2025\/11\/25-05-10-12-11-40-8532-1152x1536.jpg 1152w, https:\/\/xn--hupalliloomad-2lb.ee\/wp-content\/uploads\/2025\/11\/25-05-10-12-11-40-8532-1536x2048.jpg 1536w, https:\/\/xn--hupalliloomad-2lb.ee\/wp-content\/uploads\/2025\/11\/25-05-10-12-11-40-8532-scaled.jpg 1920w\" sizes=\"auto, (max-width: 768px) 100vw, 768px\" \/><\/figure><div class=\"wp-block-media-text__content\">\n<p class=\"has-medium-font-size\"><strong><a href=\"https:\/\/xn--hupalliloomad-2lb.ee\/?page_id=724\">Suured \u00f5hupallifiguurid<\/a><\/strong><\/p>\n<\/div><\/div>\n\n\n\n<div class=\"wp-block-media-text is-stacked-on-mobile\" style=\"grid-template-columns:20% auto\"><figure class=\"wp-block-media-text__media\"><a href=\"https:\/\/test.xn--hupalliloomad-2lb.ee\/?page_id=726\"><img loading=\"lazy\" decoding=\"async\" width=\"768\" height=\"1024\" src=\"https:\/\/xn--hupalliloomad-2lb.ee\/wp-content\/uploads\/2025\/11\/24-04-02-20-53-17-2343-1-768x1024.jpg\" alt=\"\" class=\"wp-image-1050 size-full\" srcset=\"https:\/\/xn--hupalliloomad-2lb.ee\/wp-content\/uploads\/2025\/11\/24-04-02-20-53-17-2343-1-768x1024.jpg 768w, https:\/\/xn--hupalliloomad-2lb.ee\/wp-content\/uploads\/2025\/11\/24-04-02-20-53-17-2343-1-225x300.jpg 225w, https:\/\/xn--hupalliloomad-2lb.ee\/wp-content\/uploads\/2025\/11\/24-04-02-20-53-17-2343-1-1152x1536.jpg 1152w, https:\/\/xn--hupalliloomad-2lb.ee\/wp-content\/uploads\/2025\/11\/24-04-02-20-53-17-2343-1-1536x2048.jpg 1536w, https:\/\/xn--hupalliloomad-2lb.ee\/wp-content\/uploads\/2025\/11\/24-04-02-20-53-17-2343-1-scaled.jpg 1920w\" sizes=\"auto, (max-width: 768px) 100vw, 768px\" \/><\/a><\/figure><div class=\"wp-block-media-text__content\">\n<p class=\"has-medium-font-size\"><a href=\"https:\/\/xn--hupalliloomad-2lb.ee\/?page_id=726\"><strong>Kommitopsid<\/strong><\/a><\/p>\n<\/div><\/div>\n\n\n\n<div class=\"wp-block-media-text is-stacked-on-mobile\" style=\"grid-template-columns:20% auto\"><figure class=\"wp-block-media-text__media\"><img loading=\"lazy\" decoding=\"async\" width=\"768\" height=\"1024\" src=\"https:\/\/xn--hupalliloomad-2lb.ee\/wp-content\/uploads\/2025\/11\/25-05-17-16-10-30-8778-768x1024.jpg\" alt=\"\" class=\"wp-image-1096 size-full\" srcset=\"https:\/\/xn--hupalliloomad-2lb.ee\/wp-content\/uploads\/2025\/11\/25-05-17-16-10-30-8778-768x1024.jpg 768w, https:\/\/xn--hupalliloomad-2lb.ee\/wp-content\/uploads\/2025\/11\/25-05-17-16-10-30-8778-225x300.jpg 225w, https:\/\/xn--hupalliloomad-2lb.ee\/wp-content\/uploads\/2025\/11\/25-05-17-16-10-30-8778-1152x1536.jpg 1152w, https:\/\/xn--hupalliloomad-2lb.ee\/wp-content\/uploads\/2025\/11\/25-05-17-16-10-30-8778-1536x2048.jpg 1536w, https:\/\/xn--hupalliloomad-2lb.ee\/wp-content\/uploads\/2025\/11\/25-05-17-16-10-30-8778-scaled.jpg 1920w\" sizes=\"auto, (max-width: 768px) 100vw, 768px\" \/><\/figure><div class=\"wp-block-media-text__content\">\n<p class=\"has-medium-font-size\"><a href=\"https:\/\/xn--hupalliloomad-2lb.ee\/?page_id=730\"><strong>Varia<\/strong><\/a><\/p>\n<\/div><\/div>\n\n\n\n<p><\/p>\n","protected":false},"excerpt":{"rendered":"<p>Lillekimbud Nimelised \u00f5hupallid Suured \u00f5hupallifiguurid Kommitopsid Varia<\/p>\n","protected":false},"author":1,"featured_media":702,"parent":0,"menu_order":0,"comment_status":"closed","ping_status":"closed","template":"","meta":{"ngg_post_thumbnail":0,"footnotes":""},"class_list":["post-712","page","type-page","status-publish","has-post-thumbnail","hentry","has-meta has-sticky-meta"],"yoast_head":"<!-- This site is optimized with the Yoast SEO plugin v26.7 - https:\/\/yoast.com\/wordpress\/plugins\/seo\/ -->\n<title>Kingitused - Suured \u00d5hupallifiguurid ja kingitused.<\/title>\n<meta name=\"description\" content=\"Lillekimbud   Nimelised \u00f5hupallid   Suured \u00f5hupallifiguurid   Kommitopsid   Varia \u2013 \u00d5hupalliloomad, n\u00e4omaalingud ja glittertatoveeringud pidudeks. Broneeri Meelikalt!\" \/>\n<meta name=\"robots\" content=\"index, follow, max-snippet:-1, max-image-preview:large, max-video-preview:-1\" \/>\n<link rel=\"canonical\" href=\"https:\/\/xn--hupalliloomad-2lb.ee\/?page_id=712\" \/>\n<meta property=\"og:locale\" content=\"en_US\" \/>\n<meta property=\"og:type\" content=\"article\" \/>\n<meta property=\"og:title\" content=\"Kingitused - Suured \u00d5hupallifiguurid ja kingitused.\" \/>\n<meta property=\"og:description\" content=\"Lillekimbud   Nimelised \u00f5hupallid   Suured \u00f5hupallifiguurid   Kommitopsid   Varia \u2013 \u00d5hupalliloomad, n\u00e4omaalingud ja glittertatoveeringud pidudeks. Broneeri Meelikalt!\" \/>\n<meta property=\"og:url\" content=\"https:\/\/xn--hupalliloomad-2lb.ee\/?page_id=712\" \/>\n<meta property=\"og:site_name\" content=\"&Otilde;hupalliloomad\" \/>\n<meta property=\"article:publisher\" content=\"https:\/\/www.instagram.com\/meelika_ohupalliloomad\/\" \/>\n<meta property=\"article:modified_time\" content=\"2025-11-14T12:33:29+00:00\" \/>\n<meta property=\"og:image\" content=\"https:\/\/xn--hupalliloomad-2lb.ee\/wp-content\/uploads\/2025\/10\/cropped-cropped-20240402-P19_1558-scaled-1.jpg\" \/>\n\t<meta property=\"og:image:width\" content=\"1920\" \/>\n\t<meta property=\"og:image:height\" content=\"750\" \/>\n\t<meta property=\"og:image:type\" content=\"image\/jpeg\" \/>\n<meta name=\"twitter:card\" content=\"summary_large_image\" \/>\n<meta name=\"twitter:label1\" content=\"Est. reading time\" \/>\n\t<meta name=\"twitter:data1\" content=\"2 minutes\" \/>\n<script type=\"application\/ld+json\" class=\"yoast-schema-graph\">{\"@context\":\"https:\/\/schema.org\",\"@graph\":[{\"@type\":\"WebPage\",\"@id\":\"https:\/\/xn--hupalliloomad-2lb.ee\/?page_id=712\",\"url\":\"https:\/\/xn--hupalliloomad-2lb.ee\/?page_id=712\",\"name\":\"Kingitused - Suured \u00d5hupallifiguurid ja kingitused.\",\"isPartOf\":{\"@id\":\"https:\/\/xn--hupalliloomad-2lb.ee\/#website\"},\"primaryImageOfPage\":{\"@id\":\"https:\/\/xn--hupalliloomad-2lb.ee\/?page_id=712#primaryimage\"},\"image\":{\"@id\":\"https:\/\/xn--hupalliloomad-2lb.ee\/?page_id=712#primaryimage\"},\"thumbnailUrl\":\"https:\/\/xn--hupalliloomad-2lb.ee\/wp-content\/uploads\/2025\/10\/cropped-cropped-20240402-P19_1558-scaled-1.jpg\",\"datePublished\":\"2025-10-31T08:26:02+00:00\",\"dateModified\":\"2025-11-14T12:33:29+00:00\",\"description\":\"Lillekimbud Nimelised \u00f5hupallid Suured \u00f5hupallifiguurid Kommitopsid Varia \u2013 \u00d5hupalliloomad, n\u00e4omaalingud ja glittertatoveeringud pidudeks. Broneeri Meelikalt!\",\"breadcrumb\":{\"@id\":\"https:\/\/xn--hupalliloomad-2lb.ee\/?page_id=712#breadcrumb\"},\"inLanguage\":\"en\",\"potentialAction\":[{\"@type\":\"ReadAction\",\"target\":[\"https:\/\/xn--hupalliloomad-2lb.ee\/?page_id=712\"]}]},{\"@type\":\"ImageObject\",\"inLanguage\":\"en\",\"@id\":\"https:\/\/xn--hupalliloomad-2lb.ee\/?page_id=712#primaryimage\",\"url\":\"https:\/\/xn--hupalliloomad-2lb.ee\/wp-content\/uploads\/2025\/10\/cropped-cropped-20240402-P19_1558-scaled-1.jpg\",\"contentUrl\":\"https:\/\/xn--hupalliloomad-2lb.ee\/wp-content\/uploads\/2025\/10\/cropped-cropped-20240402-P19_1558-scaled-1.jpg\",\"width\":1920,\"height\":750,\"caption\":\"Ivar_Neio\"},{\"@type\":\"BreadcrumbList\",\"@id\":\"https:\/\/xn--hupalliloomad-2lb.ee\/?page_id=712#breadcrumb\",\"itemListElement\":[{\"@type\":\"ListItem\",\"position\":1,\"name\":\"Home\",\"item\":\"https:\/\/xn--hupalliloomad-2lb.ee\/\"},{\"@type\":\"ListItem\",\"position\":2,\"name\":\"Kingitused\"}]},{\"@type\":\"WebSite\",\"@id\":\"https:\/\/xn--hupalliloomad-2lb.ee\/#website\",\"url\":\"https:\/\/xn--hupalliloomad-2lb.ee\/\",\"name\":\"\u00d5hupalliloomad\",\"description\":\"&Otilde;hupalliloomad N&auml;omaalingud Glittertatoveeringud Kingitused\",\"publisher\":{\"@id\":\"https:\/\/xn--hupalliloomad-2lb.ee\/#organization\"},\"alternateName\":\"\u00d5hupalliloomad N\u00e4omaalingud Glittertatoveeringud Kingitused\",\"potentialAction\":[{\"@type\":\"SearchAction\",\"target\":{\"@type\":\"EntryPoint\",\"urlTemplate\":\"https:\/\/xn--hupalliloomad-2lb.ee\/?s={search_term_string}\"},\"query-input\":{\"@type\":\"PropertyValueSpecification\",\"valueRequired\":true,\"valueName\":\"search_term_string\"}}],\"inLanguage\":\"en\"},{\"@type\":\"Organization\",\"@id\":\"https:\/\/xn--hupalliloomad-2lb.ee\/#organization\",\"name\":\"\u00d5hupalliloomad\",\"alternateName\":\"\u00d5hupalliloomad N\u00e4omaalingud Glittertatoveeringud Kingitused\",\"url\":\"https:\/\/xn--hupalliloomad-2lb.ee\/\",\"logo\":{\"@type\":\"ImageObject\",\"inLanguage\":\"en\",\"@id\":\"https:\/\/xn--hupalliloomad-2lb.ee\/#\/schema\/logo\/image\/\",\"url\":\"https:\/\/xn--hupalliloomad-2lb.ee\/wp-content\/uploads\/2024\/04\/cropped-2hupallid004_juuni-13-2012_done.jpg\",\"contentUrl\":\"https:\/\/xn--hupalliloomad-2lb.ee\/wp-content\/uploads\/2024\/04\/cropped-2hupallid004_juuni-13-2012_done.jpg\",\"width\":1070,\"height\":1073,\"caption\":\"\u00d5hupalliloomad\"},\"image\":{\"@id\":\"https:\/\/xn--hupalliloomad-2lb.ee\/#\/schema\/logo\/image\/\"},\"sameAs\":[\"https:\/\/www.instagram.com\/meelika_ohupalliloomad\/\"]}]}<\/script>\n<!-- \/ Yoast SEO plugin. -->","yoast_head_json":{"title":"Kingitused - Suured \u00d5hupallifiguurid ja kingitused.","description":"Lillekimbud   Nimelised \u00f5hupallid   Suured \u00f5hupallifiguurid   Kommitopsid   Varia \u2013 \u00d5hupalliloomad, n\u00e4omaalingud ja glittertatoveeringud pidudeks. Broneeri Meelikalt!","robots":{"index":"index","follow":"follow","max-snippet":"max-snippet:-1","max-image-preview":"max-image-preview:large","max-video-preview":"max-video-preview:-1"},"canonical":"https:\/\/xn--hupalliloomad-2lb.ee\/?page_id=712","og_locale":"en_US","og_type":"article","og_title":"Kingitused - Suured \u00d5hupallifiguurid ja kingitused.","og_description":"Lillekimbud   Nimelised \u00f5hupallid   Suured \u00f5hupallifiguurid   Kommitopsid   Varia \u2013 \u00d5hupalliloomad, n\u00e4omaalingud ja glittertatoveeringud pidudeks. Broneeri Meelikalt!","og_url":"https:\/\/xn--hupalliloomad-2lb.ee\/?page_id=712","og_site_name":"&Otilde;hupalliloomad","article_publisher":"https:\/\/www.instagram.com\/meelika_ohupalliloomad\/","article_modified_time":"2025-11-14T12:33:29+00:00","og_image":[{"width":1920,"height":750,"url":"https:\/\/xn--hupalliloomad-2lb.ee\/wp-content\/uploads\/2025\/10\/cropped-cropped-20240402-P19_1558-scaled-1.jpg","type":"image\/jpeg"}],"twitter_card":"summary_large_image","twitter_misc":{"Est. reading time":"2 minutes"},"schema":{"@context":"https:\/\/schema.org","@graph":[{"@type":"WebPage","@id":"https:\/\/xn--hupalliloomad-2lb.ee\/?page_id=712","url":"https:\/\/xn--hupalliloomad-2lb.ee\/?page_id=712","name":"Kingitused - Suured \u00d5hupallifiguurid ja kingitused.","isPartOf":{"@id":"https:\/\/xn--hupalliloomad-2lb.ee\/#website"},"primaryImageOfPage":{"@id":"https:\/\/xn--hupalliloomad-2lb.ee\/?page_id=712#primaryimage"},"image":{"@id":"https:\/\/xn--hupalliloomad-2lb.ee\/?page_id=712#primaryimage"},"thumbnailUrl":"https:\/\/xn--hupalliloomad-2lb.ee\/wp-content\/uploads\/2025\/10\/cropped-cropped-20240402-P19_1558-scaled-1.jpg","datePublished":"2025-10-31T08:26:02+00:00","dateModified":"2025-11-14T12:33:29+00:00","description":"Lillekimbud Nimelised \u00f5hupallid Suured \u00f5hupallifiguurid Kommitopsid Varia \u2013 \u00d5hupalliloomad, n\u00e4omaalingud ja glittertatoveeringud pidudeks. Broneeri Meelikalt!","breadcrumb":{"@id":"https:\/\/xn--hupalliloomad-2lb.ee\/?page_id=712#breadcrumb"},"inLanguage":"en","potentialAction":[{"@type":"ReadAction","target":["https:\/\/xn--hupalliloomad-2lb.ee\/?page_id=712"]}]},{"@type":"ImageObject","inLanguage":"en","@id":"https:\/\/xn--hupalliloomad-2lb.ee\/?page_id=712#primaryimage","url":"https:\/\/xn--hupalliloomad-2lb.ee\/wp-content\/uploads\/2025\/10\/cropped-cropped-20240402-P19_1558-scaled-1.jpg","contentUrl":"https:\/\/xn--hupalliloomad-2lb.ee\/wp-content\/uploads\/2025\/10\/cropped-cropped-20240402-P19_1558-scaled-1.jpg","width":1920,"height":750,"caption":"Ivar_Neio"},{"@type":"BreadcrumbList","@id":"https:\/\/xn--hupalliloomad-2lb.ee\/?page_id=712#breadcrumb","itemListElement":[{"@type":"ListItem","position":1,"name":"Home","item":"https:\/\/xn--hupalliloomad-2lb.ee\/"},{"@type":"ListItem","position":2,"name":"Kingitused"}]},{"@type":"WebSite","@id":"https:\/\/xn--hupalliloomad-2lb.ee\/#website","url":"https:\/\/xn--hupalliloomad-2lb.ee\/","name":"\u00d5hupalliloomad","description":"&Otilde;hupalliloomad N&auml;omaalingud Glittertatoveeringud Kingitused","publisher":{"@id":"https:\/\/xn--hupalliloomad-2lb.ee\/#organization"},"alternateName":"\u00d5hupalliloomad N\u00e4omaalingud Glittertatoveeringud Kingitused","potentialAction":[{"@type":"SearchAction","target":{"@type":"EntryPoint","urlTemplate":"https:\/\/xn--hupalliloomad-2lb.ee\/?s={search_term_string}"},"query-input":{"@type":"PropertyValueSpecification","valueRequired":true,"valueName":"search_term_string"}}],"inLanguage":"en"},{"@type":"Organization","@id":"https:\/\/xn--hupalliloomad-2lb.ee\/#organization","name":"\u00d5hupalliloomad","alternateName":"\u00d5hupalliloomad N\u00e4omaalingud Glittertatoveeringud Kingitused","url":"https:\/\/xn--hupalliloomad-2lb.ee\/","logo":{"@type":"ImageObject","inLanguage":"en","@id":"https:\/\/xn--hupalliloomad-2lb.ee\/#\/schema\/logo\/image\/","url":"https:\/\/xn--hupalliloomad-2lb.ee\/wp-content\/uploads\/2024\/04\/cropped-2hupallid004_juuni-13-2012_done.jpg","contentUrl":"https:\/\/xn--hupalliloomad-2lb.ee\/wp-content\/uploads\/2024\/04\/cropped-2hupallid004_juuni-13-2012_done.jpg","width":1070,"height":1073,"caption":"\u00d5hupalliloomad"},"image":{"@id":"https:\/\/xn--hupalliloomad-2lb.ee\/#\/schema\/logo\/image\/"},"sameAs":["https:\/\/www.instagram.com\/meelika_ohupalliloomad\/"]}]}},"_links":{"self":[{"href":"https:\/\/xn--hupalliloomad-2lb.ee\/index.php?rest_route=\/wp\/v2\/pages\/712","targetHints":{"allow":["GET"]}}],"collection":[{"href":"https:\/\/xn--hupalliloomad-2lb.ee\/index.php?rest_route=\/wp\/v2\/pages"}],"about":[{"href":"https:\/\/xn--hupalliloomad-2lb.ee\/index.php?rest_route=\/wp\/v2\/types\/page"}],"author":[{"embeddable":true,"href":"https:\/\/xn--hupalliloomad-2lb.ee\/index.php?rest_route=\/wp\/v2\/users\/1"}],"replies":[{"embeddable":true,"href":"https:\/\/xn--hupalliloomad-2lb.ee\/index.php?rest_route=%2Fwp%2Fv2%2Fcomments&post=712"}],"version-history":[{"count":24,"href":"https:\/\/xn--hupalliloomad-2lb.ee\/index.php?rest_route=\/wp\/v2\/pages\/712\/revisions"}],"predecessor-version":[{"id":1098,"href":"https:\/\/xn--hupalliloomad-2lb.ee\/index.php?rest_route=\/wp\/v2\/pages\/712\/revisions\/1098"}],"wp:featuredmedia":[{"embeddable":true,"href":"https:\/\/xn--hupalliloomad-2lb.ee\/index.php?rest_route=\/wp\/v2\/media\/702"}],"wp:attachment":[{"href":"https:\/\/xn--hupalliloomad-2lb.ee\/index.php?rest_route=%2Fwp%2Fv2%2Fmedia&parent=712"}],"curies":[{"name":"wp","href":"https:\/\/api.w.org\/{rel}","templated":true}]}}