{"id":84,"date":"2024-04-14T12:35:35","date_gmt":"2024-04-14T12:35:35","guid":{"rendered":"https:\/\/xn--hupalliloomad-2lb.ee\/?page_id=84"},"modified":"2026-01-08T07:24:53","modified_gmt":"2026-01-08T07:24:53","slug":"ohupallifiguurid","status":"publish","type":"page","link":"https:\/\/xn--hupalliloomad-2lb.ee\/","title":{"rendered":"Eesti kiireimate n\u00e4ppudega \u00f5hupallimeister."},"content":{"rendered":"\n<p class=\"has-medium-font-size\">Tere!<br>Olen Meelika.<br>Mul on v\u00e4ga hea meel, et k\u00fclastad minu veebilehte. \u00dcle k\u00f5ige meeldivad mulle \u00f5hupallid ja nendest erinevate \u00f5hupallikujundite tegemine. \u00d5hupallimaagiaga nakatusin juba 15 aastat tagasi. Veel meeldib mulle v\u00e4ga teha n\u00e4omaalinguid ja s\u00e4delevaid glittert\u00e4toveeringuid. N\u00e4hes kuidas laste silmad s\u00e4rama l\u00f6\u00f6vad, kui astun s\u00fcnnip\u00e4evatuppa sadade kirevate \u00f5hupallidega ja t\u00e4iskasvanud \u00fcllatusest ahhetavad, kogedes kordumatut \u00f5hupallikunsti, on t\u00f5estuseks, et teen \u00f5iget asja.<\/p>\n\n\n\n<p>O\u00dc Balfonia<br>Meelika M\u00e4eorg<br>Kontakttelefon: +372 56 90 95 96<br>e-mail: meelika@yahoo.com<\/p>\n\n\n\n<ul id=\"footer-menu\" class=\"wp-block-list\">\n<li><\/li>\n<\/ul>\n\n\n\n<p><\/p>\n","protected":false},"excerpt":{"rendered":"<p>Tere!Olen Meelika.Mul on v\u00e4ga hea meel, et k\u00fclastad minu veebilehte. \u00dcle k\u00f5ige meeldivad mulle \u00f5hupallid ja nendest erinevate \u00f5hupallikujundite tegemine. \u00d5hupallimaagiaga nakatusin juba 15 aastat tagasi. Veel meeldib mulle v\u00e4ga &hellip; <\/p>\n","protected":false},"author":1,"featured_media":299,"parent":0,"menu_order":0,"comment_status":"closed","ping_status":"closed","template":"","meta":{"ngg_post_thumbnail":0,"footnotes":""},"class_list":["post-84","page","type-page","status-publish","has-post-thumbnail","hentry","has-meta has-sticky-meta"],"yoast_head":"<!-- This site is optimized with the Yoast SEO plugin v26.7 - https:\/\/yoast.com\/wordpress\/plugins\/seo\/ -->\n<title>Eesti kiireimate n\u00e4ppudega \u00f5hupallimeister. - \u00d5hupallifiguurid N\u00e4omaalingud Glittertatoveeringud Kingitused<\/title>\n<meta name=\"description\" content=\"Tere!Olen Meelika.Mul on v\u00e4ga hea meel, et k\u00fclastad minu veebilehte. \u00dcle k\u00f5ige meeldivad mulle \u00f5hupallid ja nendest erinevate \u00f5hupallikujundite tegemine. \u2013 \u00d5hupalliloomad, n\u00e4omaalingud ja glittertatoveeringud pidudeks. Broneeri Meelikalt!\" \/>\n<meta name=\"robots\" content=\"index, follow, max-snippet:-1, max-image-preview:large, max-video-preview:-1\" \/>\n<link rel=\"canonical\" href=\"https:\/\/xn--hupalliloomad-2lb.ee\/\" \/>\n<meta property=\"og:locale\" content=\"en_US\" \/>\n<meta property=\"og:type\" content=\"article\" \/>\n<meta property=\"og:title\" content=\"Eesti kiireimate n\u00e4ppudega \u00f5hupallimeister. - \u00d5hupallifiguurid N\u00e4omaalingud Glittertatoveeringud Kingitused\" \/>\n<meta property=\"og:description\" content=\"Tere!Olen Meelika.Mul on v\u00e4ga hea meel, et k\u00fclastad minu veebilehte. \u00dcle k\u00f5ige meeldivad mulle \u00f5hupallid ja nendest erinevate \u00f5hupallikujundite tegemine. \u2013 \u00d5hupalliloomad, n\u00e4omaalingud ja glittertatoveeringud pidudeks. Broneeri Meelikalt!\" \/>\n<meta property=\"og:url\" content=\"https:\/\/xn--hupalliloomad-2lb.ee\/\" \/>\n<meta property=\"og:site_name\" content=\"&Otilde;hupalliloomad\" \/>\n<meta property=\"article:publisher\" content=\"https:\/\/www.instagram.com\/meelika_ohupalliloomad\/\" \/>\n<meta property=\"article:modified_time\" content=\"2026-01-08T07:24:53+00:00\" \/>\n<meta property=\"og:image\" content=\"https:\/\/xn--hupalliloomad-2lb.ee\/wp-content\/uploads\/2025\/10\/20240402-P19_1553-scaled.jpg\" \/>\n\t<meta property=\"og:image:width\" content=\"1804\" \/>\n\t<meta property=\"og:image:height\" content=\"2560\" \/>\n\t<meta property=\"og:image:type\" content=\"image\/jpeg\" \/>\n<meta name=\"twitter:card\" content=\"summary_large_image\" \/>\n<meta name=\"twitter:label1\" content=\"Est. reading time\" \/>\n\t<meta name=\"twitter:data1\" content=\"1 minute\" \/>\n<script type=\"application\/ld+json\" class=\"yoast-schema-graph\">{\"@context\":\"https:\/\/schema.org\",\"@graph\":[{\"@type\":\"WebPage\",\"@id\":\"https:\/\/xn--hupalliloomad-2lb.ee\/\",\"url\":\"https:\/\/xn--hupalliloomad-2lb.ee\/\",\"name\":\"Eesti kiireimate n\u00e4ppudega \u00f5hupallimeister. - \u00d5hupallifiguurid N\u00e4omaalingud Glittertatoveeringud Kingitused\",\"isPartOf\":{\"@id\":\"https:\/\/xn--hupalliloomad-2lb.ee\/#website\"},\"primaryImageOfPage\":{\"@id\":\"https:\/\/xn--hupalliloomad-2lb.ee\/#primaryimage\"},\"image\":{\"@id\":\"https:\/\/xn--hupalliloomad-2lb.ee\/#primaryimage\"},\"thumbnailUrl\":\"https:\/\/xn--hupalliloomad-2lb.ee\/wp-content\/uploads\/2025\/10\/20240402-P19_1553-scaled.jpg\",\"datePublished\":\"2024-04-14T12:35:35+00:00\",\"dateModified\":\"2026-01-08T07:24:53+00:00\",\"description\":\"Tere!Olen Meelika.Mul on v\u00e4ga hea meel, et k\u00fclastad minu veebilehte. \u00dcle k\u00f5ige meeldivad mulle \u00f5hupallid ja nendest erinevate \u00f5hupallikujundite tegemine. \u2013 \u00d5hupalliloomad, n\u00e4omaalingud ja glittertatoveeringud pidudeks. Broneeri Meelikalt!\",\"breadcrumb\":{\"@id\":\"https:\/\/xn--hupalliloomad-2lb.ee\/#breadcrumb\"},\"inLanguage\":\"en\",\"potentialAction\":[{\"@type\":\"ReadAction\",\"target\":[\"https:\/\/xn--hupalliloomad-2lb.ee\/\"]}]},{\"@type\":\"ImageObject\",\"inLanguage\":\"en\",\"@id\":\"https:\/\/xn--hupalliloomad-2lb.ee\/#primaryimage\",\"url\":\"https:\/\/xn--hupalliloomad-2lb.ee\/wp-content\/uploads\/2025\/10\/20240402-P19_1553-scaled.jpg\",\"contentUrl\":\"https:\/\/xn--hupalliloomad-2lb.ee\/wp-content\/uploads\/2025\/10\/20240402-P19_1553-scaled.jpg\",\"width\":1804,\"height\":2560,\"caption\":\"Ivar_Neio\"},{\"@type\":\"BreadcrumbList\",\"@id\":\"https:\/\/xn--hupalliloomad-2lb.ee\/#breadcrumb\",\"itemListElement\":[{\"@type\":\"ListItem\",\"position\":1,\"name\":\"Home\",\"item\":\"https:\/\/xn--hupalliloomad-2lb.ee\/\"},{\"@type\":\"ListItem\",\"position\":2,\"name\":\"Eesti kiireimate n\u00e4ppudega \u00f5hupallimeister.\"}]},{\"@type\":\"WebSite\",\"@id\":\"https:\/\/xn--hupalliloomad-2lb.ee\/#website\",\"url\":\"https:\/\/xn--hupalliloomad-2lb.ee\/\",\"name\":\"\u00d5hupalliloomad\",\"description\":\"&Otilde;hupalliloomad N&auml;omaalingud Glittertatoveeringud Kingitused\",\"publisher\":{\"@id\":\"https:\/\/xn--hupalliloomad-2lb.ee\/#organization\"},\"alternateName\":\"\u00d5hupalliloomad N\u00e4omaalingud Glittertatoveeringud Kingitused\",\"potentialAction\":[{\"@type\":\"SearchAction\",\"target\":{\"@type\":\"EntryPoint\",\"urlTemplate\":\"https:\/\/xn--hupalliloomad-2lb.ee\/?s={search_term_string}\"},\"query-input\":{\"@type\":\"PropertyValueSpecification\",\"valueRequired\":true,\"valueName\":\"search_term_string\"}}],\"inLanguage\":\"en\"},{\"@type\":\"Organization\",\"@id\":\"https:\/\/xn--hupalliloomad-2lb.ee\/#organization\",\"name\":\"\u00d5hupalliloomad\",\"alternateName\":\"\u00d5hupalliloomad N\u00e4omaalingud Glittertatoveeringud Kingitused\",\"url\":\"https:\/\/xn--hupalliloomad-2lb.ee\/\",\"logo\":{\"@type\":\"ImageObject\",\"inLanguage\":\"en\",\"@id\":\"https:\/\/xn--hupalliloomad-2lb.ee\/#\/schema\/logo\/image\/\",\"url\":\"https:\/\/xn--hupalliloomad-2lb.ee\/wp-content\/uploads\/2024\/04\/cropped-2hupallid004_juuni-13-2012_done.jpg\",\"contentUrl\":\"https:\/\/xn--hupalliloomad-2lb.ee\/wp-content\/uploads\/2024\/04\/cropped-2hupallid004_juuni-13-2012_done.jpg\",\"width\":1070,\"height\":1073,\"caption\":\"\u00d5hupalliloomad\"},\"image\":{\"@id\":\"https:\/\/xn--hupalliloomad-2lb.ee\/#\/schema\/logo\/image\/\"},\"sameAs\":[\"https:\/\/www.instagram.com\/meelika_ohupalliloomad\/\"]}]}<\/script>\n<!-- \/ Yoast SEO plugin. -->","yoast_head_json":{"title":"Eesti kiireimate n\u00e4ppudega \u00f5hupallimeister. - \u00d5hupallifiguurid N\u00e4omaalingud Glittertatoveeringud Kingitused","description":"Tere!Olen Meelika.Mul on v\u00e4ga hea meel, et k\u00fclastad minu veebilehte. \u00dcle k\u00f5ige meeldivad mulle \u00f5hupallid ja nendest erinevate \u00f5hupallikujundite tegemine. \u2013 \u00d5hupalliloomad, n\u00e4omaalingud ja glittertatoveeringud pidudeks. Broneeri Meelikalt!","robots":{"index":"index","follow":"follow","max-snippet":"max-snippet:-1","max-image-preview":"max-image-preview:large","max-video-preview":"max-video-preview:-1"},"canonical":"https:\/\/xn--hupalliloomad-2lb.ee\/","og_locale":"en_US","og_type":"article","og_title":"Eesti kiireimate n\u00e4ppudega \u00f5hupallimeister. - \u00d5hupallifiguurid N\u00e4omaalingud Glittertatoveeringud Kingitused","og_description":"Tere!Olen Meelika.Mul on v\u00e4ga hea meel, et k\u00fclastad minu veebilehte. \u00dcle k\u00f5ige meeldivad mulle \u00f5hupallid ja nendest erinevate \u00f5hupallikujundite tegemine. \u2013 \u00d5hupalliloomad, n\u00e4omaalingud ja glittertatoveeringud pidudeks. Broneeri Meelikalt!","og_url":"https:\/\/xn--hupalliloomad-2lb.ee\/","og_site_name":"&Otilde;hupalliloomad","article_publisher":"https:\/\/www.instagram.com\/meelika_ohupalliloomad\/","article_modified_time":"2026-01-08T07:24:53+00:00","og_image":[{"width":1804,"height":2560,"url":"https:\/\/xn--hupalliloomad-2lb.ee\/wp-content\/uploads\/2025\/10\/20240402-P19_1553-scaled.jpg","type":"image\/jpeg"}],"twitter_card":"summary_large_image","twitter_misc":{"Est. reading time":"1 minute"},"schema":{"@context":"https:\/\/schema.org","@graph":[{"@type":"WebPage","@id":"https:\/\/xn--hupalliloomad-2lb.ee\/","url":"https:\/\/xn--hupalliloomad-2lb.ee\/","name":"Eesti kiireimate n\u00e4ppudega \u00f5hupallimeister. - \u00d5hupallifiguurid N\u00e4omaalingud Glittertatoveeringud Kingitused","isPartOf":{"@id":"https:\/\/xn--hupalliloomad-2lb.ee\/#website"},"primaryImageOfPage":{"@id":"https:\/\/xn--hupalliloomad-2lb.ee\/#primaryimage"},"image":{"@id":"https:\/\/xn--hupalliloomad-2lb.ee\/#primaryimage"},"thumbnailUrl":"https:\/\/xn--hupalliloomad-2lb.ee\/wp-content\/uploads\/2025\/10\/20240402-P19_1553-scaled.jpg","datePublished":"2024-04-14T12:35:35+00:00","dateModified":"2026-01-08T07:24:53+00:00","description":"Tere!Olen Meelika.Mul on v\u00e4ga hea meel, et k\u00fclastad minu veebilehte. \u00dcle k\u00f5ige meeldivad mulle \u00f5hupallid ja nendest erinevate \u00f5hupallikujundite tegemine. \u2013 \u00d5hupalliloomad, n\u00e4omaalingud ja glittertatoveeringud pidudeks. Broneeri Meelikalt!","breadcrumb":{"@id":"https:\/\/xn--hupalliloomad-2lb.ee\/#breadcrumb"},"inLanguage":"en","potentialAction":[{"@type":"ReadAction","target":["https:\/\/xn--hupalliloomad-2lb.ee\/"]}]},{"@type":"ImageObject","inLanguage":"en","@id":"https:\/\/xn--hupalliloomad-2lb.ee\/#primaryimage","url":"https:\/\/xn--hupalliloomad-2lb.ee\/wp-content\/uploads\/2025\/10\/20240402-P19_1553-scaled.jpg","contentUrl":"https:\/\/xn--hupalliloomad-2lb.ee\/wp-content\/uploads\/2025\/10\/20240402-P19_1553-scaled.jpg","width":1804,"height":2560,"caption":"Ivar_Neio"},{"@type":"BreadcrumbList","@id":"https:\/\/xn--hupalliloomad-2lb.ee\/#breadcrumb","itemListElement":[{"@type":"ListItem","position":1,"name":"Home","item":"https:\/\/xn--hupalliloomad-2lb.ee\/"},{"@type":"ListItem","position":2,"name":"Eesti kiireimate n\u00e4ppudega \u00f5hupallimeister."}]},{"@type":"WebSite","@id":"https:\/\/xn--hupalliloomad-2lb.ee\/#website","url":"https:\/\/xn--hupalliloomad-2lb.ee\/","name":"\u00d5hupalliloomad","description":"&Otilde;hupalliloomad N&auml;omaalingud Glittertatoveeringud Kingitused","publisher":{"@id":"https:\/\/xn--hupalliloomad-2lb.ee\/#organization"},"alternateName":"\u00d5hupalliloomad N\u00e4omaalingud Glittertatoveeringud Kingitused","potentialAction":[{"@type":"SearchAction","target":{"@type":"EntryPoint","urlTemplate":"https:\/\/xn--hupalliloomad-2lb.ee\/?s={search_term_string}"},"query-input":{"@type":"PropertyValueSpecification","valueRequired":true,"valueName":"search_term_string"}}],"inLanguage":"en"},{"@type":"Organization","@id":"https:\/\/xn--hupalliloomad-2lb.ee\/#organization","name":"\u00d5hupalliloomad","alternateName":"\u00d5hupalliloomad N\u00e4omaalingud Glittertatoveeringud Kingitused","url":"https:\/\/xn--hupalliloomad-2lb.ee\/","logo":{"@type":"ImageObject","inLanguage":"en","@id":"https:\/\/xn--hupalliloomad-2lb.ee\/#\/schema\/logo\/image\/","url":"https:\/\/xn--hupalliloomad-2lb.ee\/wp-content\/uploads\/2024\/04\/cropped-2hupallid004_juuni-13-2012_done.jpg","contentUrl":"https:\/\/xn--hupalliloomad-2lb.ee\/wp-content\/uploads\/2024\/04\/cropped-2hupallid004_juuni-13-2012_done.jpg","width":1070,"height":1073,"caption":"\u00d5hupalliloomad"},"image":{"@id":"https:\/\/xn--hupalliloomad-2lb.ee\/#\/schema\/logo\/image\/"},"sameAs":["https:\/\/www.instagram.com\/meelika_ohupalliloomad\/"]}]}},"_links":{"self":[{"href":"https:\/\/xn--hupalliloomad-2lb.ee\/index.php?rest_route=\/wp\/v2\/pages\/84","targetHints":{"allow":["GET"]}}],"collection":[{"href":"https:\/\/xn--hupalliloomad-2lb.ee\/index.php?rest_route=\/wp\/v2\/pages"}],"about":[{"href":"https:\/\/xn--hupalliloomad-2lb.ee\/index.php?rest_route=\/wp\/v2\/types\/page"}],"author":[{"embeddable":true,"href":"https:\/\/xn--hupalliloomad-2lb.ee\/index.php?rest_route=\/wp\/v2\/users\/1"}],"replies":[{"embeddable":true,"href":"https:\/\/xn--hupalliloomad-2lb.ee\/index.php?rest_route=%2Fwp%2Fv2%2Fcomments&post=84"}],"version-history":[{"count":6,"href":"https:\/\/xn--hupalliloomad-2lb.ee\/index.php?rest_route=\/wp\/v2\/pages\/84\/revisions"}],"predecessor-version":[{"id":1209,"href":"https:\/\/xn--hupalliloomad-2lb.ee\/index.php?rest_route=\/wp\/v2\/pages\/84\/revisions\/1209"}],"wp:featuredmedia":[{"embeddable":true,"href":"https:\/\/xn--hupalliloomad-2lb.ee\/index.php?rest_route=\/wp\/v2\/media\/299"}],"wp:attachment":[{"href":"https:\/\/xn--hupalliloomad-2lb.ee\/index.php?rest_route=%2Fwp%2Fv2%2Fmedia&parent=84"}],"curies":[{"name":"wp","href":"https:\/\/api.w.org\/{rel}","templated":true}]}}