{"id":869,"date":"2025-11-05T15:04:18","date_gmt":"2025-11-05T15:04:18","guid":{"rendered":"https:\/\/test.xn--hupalliloomad-2lb.ee\/?page_id=869"},"modified":"2025-12-12T08:56:32","modified_gmt":"2025-12-12T08:56:32","slug":"sunnipaevapeo-paketid","status":"publish","type":"page","link":"https:\/\/xn--hupalliloomad-2lb.ee\/?page_id=869","title":{"rendered":"S\u00fcnnip\u00e4evapeo paketid"},"content":{"rendered":"\n<p class=\"has-medium-font-size\"><br><strong><mark style=\"background-color:rgba(0, 0, 0, 0)\" class=\"has-inline-color has-vivid-red-color\">S\u00fcnnip\u00e4evapeo pakett I<\/mark><\/strong><br>(kuni\u00a0<strong>15<\/strong>\u00a0last)<br>N\u00e4omaalingud + \u00f5hupallifiguurid<br>(<strong>kokku 2,5<\/strong> <strong>tundi<\/strong>) 195 \u20ac<br><strong><mark style=\"background-color:rgba(0, 0, 0, 0)\" class=\"has-inline-color has-vivid-red-color\">S\u00fcnnip\u00e4evapeo pakett II<\/mark><\/strong><br>(kuni\u00a0<strong>20<\/strong>\u00a0last)<br>Glittert\u00e4toveeringud + \u00f5hupallifiguurid<br>(<strong>kokku 2,5 tundi<\/strong>) 195 \u20ac<\/p>\n\n\n\n<p class=\"has-text-align-center has-medium-font-size\"><a href=\"https:\/\/xn--hupalliloomad-2lb.ee\/?page_id=800\"><strong><mark style=\"background-color:rgba(0, 0, 0, 0)\" class=\"has-inline-color has-vivid-red-color\">BRONEERI PIDU SIIN<\/mark><\/strong><\/a><\/p>\n\n\n\n<p class=\"has-medium-font-size\">NB!&nbsp;Suuremate peoseltskondade puhul tasub lisaaega tellida n\u00e4omaalingute\/glittert\u00e4toveeringute tarbeks juurde. Hind kokkuleppel.<\/p>\n\n\n\n<p class=\"has-medium-font-size\"><strong><mark><mark style=\"background-color:rgba(0, 0, 0, 0)\" class=\"has-inline-color has-vivid-purple-color\">Ettetellimisel<\/mark> suured \u00f5hupallifiguurid, lillekimbud ja personaalsed kingitused<\/mark><\/strong><br>hind kokkuleppel<\/p>\n\n\n\n<p class=\"has-text-align-center has-medium-font-size\">O\u00dc Balfonia<br>Meelika M\u00e4eorg<br>Kontakttelefon: +372 56 90 95 96<br>e-mail: meelika@yahoo.com<\/p>\n\n\n\n<p><\/p>\n","protected":false},"excerpt":{"rendered":"<p>S\u00fcnnip\u00e4evapeo pakett I(kuni\u00a015\u00a0last)N\u00e4omaalingud + \u00f5hupallifiguurid(kokku 2,5 tundi) 195 \u20acS\u00fcnnip\u00e4evapeo pakett II(kuni\u00a020\u00a0last)Glittert\u00e4toveeringud + \u00f5hupallifiguurid(kokku 2,5 tundi) 195 \u20ac BRONEERI PIDU SIIN NB!&nbsp;Suuremate peoseltskondade puhul tasub lisaaega tellida n\u00e4omaalingute\/glittert\u00e4toveeringute tarbeks juurde. Hind &hellip; <\/p>\n","protected":false},"author":1,"featured_media":702,"parent":0,"menu_order":0,"comment_status":"closed","ping_status":"closed","template":"","meta":{"ngg_post_thumbnail":0,"footnotes":""},"class_list":["post-869","page","type-page","status-publish","has-post-thumbnail","hentry","has-meta has-sticky-meta"],"yoast_head":"<!-- This site is optimized with the Yoast SEO plugin v26.7 - https:\/\/yoast.com\/wordpress\/plugins\/seo\/ -->\n<title>\u00d5hupallid, S\u00fcnnip\u00e4ev, \u00d5hupallifiguurid, N\u00e4omaalingud<\/title>\n<meta name=\"description\" content=\"S\u00fcnnip\u00e4evapeo pakett I(kuni\u00a015\u00a0last)N\u00e4omaalingud + \u00f5hupallifiguurid(kokku 2,5 tundi) 195 \u20acS\u00fcnnip\u00e4evapeo pakett II(kuni\u00a020\u00a0last)Glittert\u00e4toveeringud + \u2013 \u00d5hupalliloomad, n\u00e4omaalingud ja glittertatoveeringud pidudeks. Broneeri Meelikalt!\" \/>\n<meta name=\"robots\" content=\"index, follow, max-snippet:-1, max-image-preview:large, max-video-preview:-1\" \/>\n<link rel=\"canonical\" href=\"https:\/\/xn--hupalliloomad-2lb.ee\/?page_id=869\" \/>\n<meta property=\"og:locale\" content=\"en_US\" \/>\n<meta property=\"og:type\" content=\"article\" \/>\n<meta property=\"og:title\" content=\"\u00d5hupallid, S\u00fcnnip\u00e4ev, \u00d5hupallifiguurid, N\u00e4omaalingud\" \/>\n<meta property=\"og:description\" content=\"S\u00fcnnip\u00e4evapeo pakett I(kuni\u00a015\u00a0last)N\u00e4omaalingud + \u00f5hupallifiguurid(kokku 2,5 tundi) 195 \u20acS\u00fcnnip\u00e4evapeo pakett II(kuni\u00a020\u00a0last)Glittert\u00e4toveeringud + \u2013 \u00d5hupalliloomad, n\u00e4omaalingud ja glittertatoveeringud pidudeks. Broneeri Meelikalt!\" \/>\n<meta property=\"og:url\" content=\"https:\/\/xn--hupalliloomad-2lb.ee\/?page_id=869\" \/>\n<meta property=\"og:site_name\" content=\"&Otilde;hupalliloomad\" \/>\n<meta property=\"article:publisher\" content=\"https:\/\/www.instagram.com\/meelika_ohupalliloomad\/\" \/>\n<meta property=\"article:modified_time\" content=\"2025-12-12T08:56:32+00:00\" \/>\n<meta property=\"og:image\" content=\"https:\/\/xn--hupalliloomad-2lb.ee\/wp-content\/uploads\/2025\/10\/cropped-cropped-20240402-P19_1558-scaled-1.jpg\" \/>\n\t<meta property=\"og:image:width\" content=\"1920\" \/>\n\t<meta property=\"og:image:height\" content=\"750\" \/>\n\t<meta property=\"og:image:type\" content=\"image\/jpeg\" \/>\n<meta name=\"twitter:card\" content=\"summary_large_image\" \/>\n<meta name=\"twitter:label1\" content=\"Est. reading time\" \/>\n\t<meta name=\"twitter:data1\" content=\"1 minute\" \/>\n<script type=\"application\/ld+json\" class=\"yoast-schema-graph\">{\"@context\":\"https:\/\/schema.org\",\"@graph\":[{\"@type\":\"WebPage\",\"@id\":\"https:\/\/xn--hupalliloomad-2lb.ee\/?page_id=869\",\"url\":\"https:\/\/xn--hupalliloomad-2lb.ee\/?page_id=869\",\"name\":\"\u00d5hupallid, S\u00fcnnip\u00e4ev, \u00d5hupallifiguurid, N\u00e4omaalingud\",\"isPartOf\":{\"@id\":\"https:\/\/xn--hupalliloomad-2lb.ee\/#website\"},\"primaryImageOfPage\":{\"@id\":\"https:\/\/xn--hupalliloomad-2lb.ee\/?page_id=869#primaryimage\"},\"image\":{\"@id\":\"https:\/\/xn--hupalliloomad-2lb.ee\/?page_id=869#primaryimage\"},\"thumbnailUrl\":\"https:\/\/xn--hupalliloomad-2lb.ee\/wp-content\/uploads\/2025\/10\/cropped-cropped-20240402-P19_1558-scaled-1.jpg\",\"datePublished\":\"2025-11-05T15:04:18+00:00\",\"dateModified\":\"2025-12-12T08:56:32+00:00\",\"description\":\"S\u00fcnnip\u00e4evapeo pakett I(kuni\u00a015\u00a0last)N\u00e4omaalingud + \u00f5hupallifiguurid(kokku 2,5 tundi) 195 \u20acS\u00fcnnip\u00e4evapeo pakett II(kuni\u00a020\u00a0last)Glittert\u00e4toveeringud + \u2013 \u00d5hupalliloomad, n\u00e4omaalingud ja glittertatoveeringud pidudeks. Broneeri Meelikalt!\",\"breadcrumb\":{\"@id\":\"https:\/\/xn--hupalliloomad-2lb.ee\/?page_id=869#breadcrumb\"},\"inLanguage\":\"en\",\"potentialAction\":[{\"@type\":\"ReadAction\",\"target\":[\"https:\/\/xn--hupalliloomad-2lb.ee\/?page_id=869\"]}]},{\"@type\":\"ImageObject\",\"inLanguage\":\"en\",\"@id\":\"https:\/\/xn--hupalliloomad-2lb.ee\/?page_id=869#primaryimage\",\"url\":\"https:\/\/xn--hupalliloomad-2lb.ee\/wp-content\/uploads\/2025\/10\/cropped-cropped-20240402-P19_1558-scaled-1.jpg\",\"contentUrl\":\"https:\/\/xn--hupalliloomad-2lb.ee\/wp-content\/uploads\/2025\/10\/cropped-cropped-20240402-P19_1558-scaled-1.jpg\",\"width\":1920,\"height\":750,\"caption\":\"Ivar_Neio\"},{\"@type\":\"BreadcrumbList\",\"@id\":\"https:\/\/xn--hupalliloomad-2lb.ee\/?page_id=869#breadcrumb\",\"itemListElement\":[{\"@type\":\"ListItem\",\"position\":1,\"name\":\"Home\",\"item\":\"https:\/\/xn--hupalliloomad-2lb.ee\/\"},{\"@type\":\"ListItem\",\"position\":2,\"name\":\"S\u00fcnnip\u00e4evapeo paketid\"}]},{\"@type\":\"WebSite\",\"@id\":\"https:\/\/xn--hupalliloomad-2lb.ee\/#website\",\"url\":\"https:\/\/xn--hupalliloomad-2lb.ee\/\",\"name\":\"\u00d5hupalliloomad\",\"description\":\"&Otilde;hupalliloomad N&auml;omaalingud Glittertatoveeringud Kingitused\",\"publisher\":{\"@id\":\"https:\/\/xn--hupalliloomad-2lb.ee\/#organization\"},\"alternateName\":\"\u00d5hupalliloomad N\u00e4omaalingud Glittertatoveeringud Kingitused\",\"potentialAction\":[{\"@type\":\"SearchAction\",\"target\":{\"@type\":\"EntryPoint\",\"urlTemplate\":\"https:\/\/xn--hupalliloomad-2lb.ee\/?s={search_term_string}\"},\"query-input\":{\"@type\":\"PropertyValueSpecification\",\"valueRequired\":true,\"valueName\":\"search_term_string\"}}],\"inLanguage\":\"en\"},{\"@type\":\"Organization\",\"@id\":\"https:\/\/xn--hupalliloomad-2lb.ee\/#organization\",\"name\":\"\u00d5hupalliloomad\",\"alternateName\":\"\u00d5hupalliloomad N\u00e4omaalingud Glittertatoveeringud Kingitused\",\"url\":\"https:\/\/xn--hupalliloomad-2lb.ee\/\",\"logo\":{\"@type\":\"ImageObject\",\"inLanguage\":\"en\",\"@id\":\"https:\/\/xn--hupalliloomad-2lb.ee\/#\/schema\/logo\/image\/\",\"url\":\"https:\/\/xn--hupalliloomad-2lb.ee\/wp-content\/uploads\/2024\/04\/cropped-2hupallid004_juuni-13-2012_done.jpg\",\"contentUrl\":\"https:\/\/xn--hupalliloomad-2lb.ee\/wp-content\/uploads\/2024\/04\/cropped-2hupallid004_juuni-13-2012_done.jpg\",\"width\":1070,\"height\":1073,\"caption\":\"\u00d5hupalliloomad\"},\"image\":{\"@id\":\"https:\/\/xn--hupalliloomad-2lb.ee\/#\/schema\/logo\/image\/\"},\"sameAs\":[\"https:\/\/www.instagram.com\/meelika_ohupalliloomad\/\"]}]}<\/script>\n<!-- \/ Yoast SEO plugin. -->","yoast_head_json":{"title":"\u00d5hupallid, S\u00fcnnip\u00e4ev, \u00d5hupallifiguurid, N\u00e4omaalingud","description":"S\u00fcnnip\u00e4evapeo pakett I(kuni\u00a015\u00a0last)N\u00e4omaalingud + \u00f5hupallifiguurid(kokku 2,5 tundi) 195 \u20acS\u00fcnnip\u00e4evapeo pakett II(kuni\u00a020\u00a0last)Glittert\u00e4toveeringud + \u2013 \u00d5hupalliloomad, n\u00e4omaalingud ja glittertatoveeringud pidudeks. Broneeri Meelikalt!","robots":{"index":"index","follow":"follow","max-snippet":"max-snippet:-1","max-image-preview":"max-image-preview:large","max-video-preview":"max-video-preview:-1"},"canonical":"https:\/\/xn--hupalliloomad-2lb.ee\/?page_id=869","og_locale":"en_US","og_type":"article","og_title":"\u00d5hupallid, S\u00fcnnip\u00e4ev, \u00d5hupallifiguurid, N\u00e4omaalingud","og_description":"S\u00fcnnip\u00e4evapeo pakett I(kuni\u00a015\u00a0last)N\u00e4omaalingud + \u00f5hupallifiguurid(kokku 2,5 tundi) 195 \u20acS\u00fcnnip\u00e4evapeo pakett II(kuni\u00a020\u00a0last)Glittert\u00e4toveeringud + \u2013 \u00d5hupalliloomad, n\u00e4omaalingud ja glittertatoveeringud pidudeks. Broneeri Meelikalt!","og_url":"https:\/\/xn--hupalliloomad-2lb.ee\/?page_id=869","og_site_name":"&Otilde;hupalliloomad","article_publisher":"https:\/\/www.instagram.com\/meelika_ohupalliloomad\/","article_modified_time":"2025-12-12T08:56:32+00:00","og_image":[{"width":1920,"height":750,"url":"https:\/\/xn--hupalliloomad-2lb.ee\/wp-content\/uploads\/2025\/10\/cropped-cropped-20240402-P19_1558-scaled-1.jpg","type":"image\/jpeg"}],"twitter_card":"summary_large_image","twitter_misc":{"Est. reading time":"1 minute"},"schema":{"@context":"https:\/\/schema.org","@graph":[{"@type":"WebPage","@id":"https:\/\/xn--hupalliloomad-2lb.ee\/?page_id=869","url":"https:\/\/xn--hupalliloomad-2lb.ee\/?page_id=869","name":"\u00d5hupallid, S\u00fcnnip\u00e4ev, \u00d5hupallifiguurid, N\u00e4omaalingud","isPartOf":{"@id":"https:\/\/xn--hupalliloomad-2lb.ee\/#website"},"primaryImageOfPage":{"@id":"https:\/\/xn--hupalliloomad-2lb.ee\/?page_id=869#primaryimage"},"image":{"@id":"https:\/\/xn--hupalliloomad-2lb.ee\/?page_id=869#primaryimage"},"thumbnailUrl":"https:\/\/xn--hupalliloomad-2lb.ee\/wp-content\/uploads\/2025\/10\/cropped-cropped-20240402-P19_1558-scaled-1.jpg","datePublished":"2025-11-05T15:04:18+00:00","dateModified":"2025-12-12T08:56:32+00:00","description":"S\u00fcnnip\u00e4evapeo pakett I(kuni\u00a015\u00a0last)N\u00e4omaalingud + \u00f5hupallifiguurid(kokku 2,5 tundi) 195 \u20acS\u00fcnnip\u00e4evapeo pakett II(kuni\u00a020\u00a0last)Glittert\u00e4toveeringud + \u2013 \u00d5hupalliloomad, n\u00e4omaalingud ja glittertatoveeringud pidudeks. Broneeri Meelikalt!","breadcrumb":{"@id":"https:\/\/xn--hupalliloomad-2lb.ee\/?page_id=869#breadcrumb"},"inLanguage":"en","potentialAction":[{"@type":"ReadAction","target":["https:\/\/xn--hupalliloomad-2lb.ee\/?page_id=869"]}]},{"@type":"ImageObject","inLanguage":"en","@id":"https:\/\/xn--hupalliloomad-2lb.ee\/?page_id=869#primaryimage","url":"https:\/\/xn--hupalliloomad-2lb.ee\/wp-content\/uploads\/2025\/10\/cropped-cropped-20240402-P19_1558-scaled-1.jpg","contentUrl":"https:\/\/xn--hupalliloomad-2lb.ee\/wp-content\/uploads\/2025\/10\/cropped-cropped-20240402-P19_1558-scaled-1.jpg","width":1920,"height":750,"caption":"Ivar_Neio"},{"@type":"BreadcrumbList","@id":"https:\/\/xn--hupalliloomad-2lb.ee\/?page_id=869#breadcrumb","itemListElement":[{"@type":"ListItem","position":1,"name":"Home","item":"https:\/\/xn--hupalliloomad-2lb.ee\/"},{"@type":"ListItem","position":2,"name":"S\u00fcnnip\u00e4evapeo paketid"}]},{"@type":"WebSite","@id":"https:\/\/xn--hupalliloomad-2lb.ee\/#website","url":"https:\/\/xn--hupalliloomad-2lb.ee\/","name":"\u00d5hupalliloomad","description":"&Otilde;hupalliloomad N&auml;omaalingud Glittertatoveeringud Kingitused","publisher":{"@id":"https:\/\/xn--hupalliloomad-2lb.ee\/#organization"},"alternateName":"\u00d5hupalliloomad N\u00e4omaalingud Glittertatoveeringud Kingitused","potentialAction":[{"@type":"SearchAction","target":{"@type":"EntryPoint","urlTemplate":"https:\/\/xn--hupalliloomad-2lb.ee\/?s={search_term_string}"},"query-input":{"@type":"PropertyValueSpecification","valueRequired":true,"valueName":"search_term_string"}}],"inLanguage":"en"},{"@type":"Organization","@id":"https:\/\/xn--hupalliloomad-2lb.ee\/#organization","name":"\u00d5hupalliloomad","alternateName":"\u00d5hupalliloomad N\u00e4omaalingud Glittertatoveeringud Kingitused","url":"https:\/\/xn--hupalliloomad-2lb.ee\/","logo":{"@type":"ImageObject","inLanguage":"en","@id":"https:\/\/xn--hupalliloomad-2lb.ee\/#\/schema\/logo\/image\/","url":"https:\/\/xn--hupalliloomad-2lb.ee\/wp-content\/uploads\/2024\/04\/cropped-2hupallid004_juuni-13-2012_done.jpg","contentUrl":"https:\/\/xn--hupalliloomad-2lb.ee\/wp-content\/uploads\/2024\/04\/cropped-2hupallid004_juuni-13-2012_done.jpg","width":1070,"height":1073,"caption":"\u00d5hupalliloomad"},"image":{"@id":"https:\/\/xn--hupalliloomad-2lb.ee\/#\/schema\/logo\/image\/"},"sameAs":["https:\/\/www.instagram.com\/meelika_ohupalliloomad\/"]}]}},"_links":{"self":[{"href":"https:\/\/xn--hupalliloomad-2lb.ee\/index.php?rest_route=\/wp\/v2\/pages\/869","targetHints":{"allow":["GET"]}}],"collection":[{"href":"https:\/\/xn--hupalliloomad-2lb.ee\/index.php?rest_route=\/wp\/v2\/pages"}],"about":[{"href":"https:\/\/xn--hupalliloomad-2lb.ee\/index.php?rest_route=\/wp\/v2\/types\/page"}],"author":[{"embeddable":true,"href":"https:\/\/xn--hupalliloomad-2lb.ee\/index.php?rest_route=\/wp\/v2\/users\/1"}],"replies":[{"embeddable":true,"href":"https:\/\/xn--hupalliloomad-2lb.ee\/index.php?rest_route=%2Fwp%2Fv2%2Fcomments&post=869"}],"version-history":[{"count":14,"href":"https:\/\/xn--hupalliloomad-2lb.ee\/index.php?rest_route=\/wp\/v2\/pages\/869\/revisions"}],"predecessor-version":[{"id":1206,"href":"https:\/\/xn--hupalliloomad-2lb.ee\/index.php?rest_route=\/wp\/v2\/pages\/869\/revisions\/1206"}],"wp:featuredmedia":[{"embeddable":true,"href":"https:\/\/xn--hupalliloomad-2lb.ee\/index.php?rest_route=\/wp\/v2\/media\/702"}],"wp:attachment":[{"href":"https:\/\/xn--hupalliloomad-2lb.ee\/index.php?rest_route=%2Fwp%2Fv2%2Fmedia&parent=869"}],"curies":[{"name":"wp","href":"https:\/\/api.w.org\/{rel}","templated":true}]}}